{"id":20780,"date":"2024-01-12T00:01:33","date_gmt":"2024-01-11T23:01:33","guid":{"rendered":"https:\/\/www.tourz.nl\/?page_id=20780"},"modified":"2024-01-12T00:02:50","modified_gmt":"2024-01-11T23:02:50","slug":"guided-cycling-tour-keukenhof","status":"publish","type":"page","link":"https:\/\/www.tourz.nl\/fr\/guided-cycling-tour-keukenhof\/","title":{"rendered":"Visite guid\u00e9e du Keukenhof \u00e0 v\u00e9lo"},"content":{"rendered":"<div class=\"vgblk-rw-wrapper limit-wrapper\">\n\n\t<a href=\"https:\/\/www.tourz.nl\/fr\/keukenhof-fiets-tour\/\" target=\"_self\" role=\"button\" rel=\"noopener\">\n\t\t\t\t\tCliquez ici pour le n\u00e9erlandais\n\t<\/a>\n\t<p>Explorez les champs de fleurs pr\u00e8s de Keukenhof \u00e0 la mani\u00e8re typiquement hollandaise : en v\u00e9lo ! Un guide local vous montrera les champs de fleurs les plus color\u00e9s. Au cours de la visite, nous ferons quelques arr\u00eats pour que vous puissiez prendre des photos des fleurs. Le guide vous parlera des fleurs, de la culture et de l'histoire de cette partie unique de la Hollande. Nous circulons en petit groupe de 10 personnes maximum.<\/p>\n<h3>\n\tTourzprice 47,50 euro\n\t<\/h3>\n\n<h4>\n\tNiveau de difficult\u00e9 :\n\t<\/h4>\n\t\t\t\t\t40\t\t\t\t\n\t\t\t<style>\n\t\t\t\t.fl-node- .fl-number-bars-container {\n\t\t\t\t\tbackground-color: var( --vamtam-accent-color-5 );\n\t\t\t\t}\n\t\t\t\t.fl-node- .fl-number-bar {\n\t\t\t\t\tbackground-color: var( --vamtam-accent-color-1 );\n\t\t\t\t}\n\t\t\t<\/style>\n<h4>\n\tDur\u00e9e de l'enqu\u00eate :\n\t<\/h4>\n<h4>\n\tDistance :\n\t<\/h4>\n<h4>\n\tPlus d'informations sur ce Tourz :\n\t<\/h4>\n\t<p>Make your way to the bike rental shop next to Keukenhof. Meet your guide there, and skip the lines for bike rental as your guide will already be ready for you. Then, together with a small group of up to 10 people, set off on your amazing bike tour around the flower fields in the neighborhood of Keukenhof. During the ride, you&#8217;ll visit Tulip Experience Amsterdam: Learn everything about growing tulips here, and take beautiful pictures in the field with 1 million tulips in 500 different varieties. You can have a cup of coffee and pick your own tulips to take with you. Learn about this magnificent part of Holland and its flower culture and history with your guide. At a few of the stops, taste authentic Dutch sweets and candy. After approximately 3 hours, arrive back at the Keukenhof. Complete your visit at the Keukenhof gardens with this great biketour!<\/p>\n<p>&nbsp;<\/p>\n\t<a href=\"https:\/\/www.tourz.nl\/fr\/biking-rules-safety\/\" target=\"_self\" role=\"button\" rel=\"noopener\">\n\t\t\t\t\tCliquez ici pour les r\u00e8gles et la s\u00e9curit\u00e9 du v\u00e9lo hollandais\n\t<\/a>\n<h4>\n\tInclus :\n\t<\/h4>\n\t<ul>\n<li>Guide local bilingue (anglais et n\u00e9erlandais)<\/li>\n<li>V\u00e9lo avec vitesses<\/li>\n<li>Frais d'entr\u00e9e pour l'exp\u00e9rience des tulipes \u00e0 Amsterdam<\/li>\n<li>Un bouquet de tulipes, cueillies par vous-m\u00eame<\/li>\n<li>Un stroopwafel, le c\u00e9l\u00e8bre biscuit n\u00e9erlandais<\/li>\n<\/ul>\n\t<a href=\"https:\/\/www.getyourguide.co.uk\/keukenhof-l530\/from-keukenhof-flower-fields-small-group-cultural-bike-tour-t362805\/\" target=\"_blank\" role=\"button\" rel=\"noopener\">\n\t\t\t\t\tR\u00e9servez ce tour de Keukenhof \u00e0 v\u00e9lo !\n\t<\/a>\n<h4>\n\tCe tourz est offert exclusivement par :\n\t<\/h4>\n\t\t\t\t<a href=\"https:\/\/www.getyourguide.co.uk\/keukenhof-l530\/from-keukenhof-flower-fields-small-group-cultural-bike-tour-t362805\/\" target=\"_blank\" rel=\"noopener\" itemprop=\"url\" title=\"logo obtenir votre guide\">\n\t\t\t\t\t\t\t<img loading=\"lazy\" decoding=\"async\" src=\"https:\/\/www.tourz.nl\/wp-content\/uploads\/2020\/02\/logo-get-your-guide-150x150.png\" alt=\"logo get your guide\" itemprop=\"image\" height=\"150\" width=\"150\" data-link-type=\"url\" title=\"logo obtenir votre guide\" onerror=\"this.style.display='none'\"  sizes=\"auto, (max-width: 768px) 100vw, 100vw\" srcset=\"https:\/\/www.tourz.nl\/wp-content\/uploads\/2020\/02\/logo-get-your-guide-150x150.png 150w, https:\/\/www.tourz.nl\/wp-content\/uploads\/2020\/02\/logo-get-your-guide-100x100.png 100w\" \/>\t\t\t\t\t\t<\/a>\n\t\t\t\t\t\t\t<img loading=\"lazy\" decoding=\"async\" src=\"https:\/\/www.tourz.nl\/wp-content\/uploads\/2020\/02\/Keukenhof2023-4.jpg\" alt=\"Keukenhof2023-4\" itemprop=\"image\" height=\"250\" width=\"350\" title=\"Keukenhof2023-4\" onerror=\"this.style.display='none'\"  sizes=\"auto, (max-width: 768px) 100vw, 100vw\" srcset=\"https:\/\/www.tourz.nl\/wp-content\/uploads\/2020\/02\/Keukenhof2023-4.jpg 350w, https:\/\/www.tourz.nl\/wp-content\/uploads\/2020\/02\/Keukenhof2023-4-300x214.jpg 300w, https:\/\/www.tourz.nl\/wp-content\/uploads\/2020\/02\/Keukenhof2023-4-315x225.jpg 315w\" \/>\t\t\t\t\t\t\t\n\n<\/div><!-- .vgblk-rw-wrapper -->","protected":false},"excerpt":{"rendered":"<p>Klik hier voor Nederlands Explore the flowerfields near Keukenhof on a typical Dutch way: By bike! A local guide will show you the most colourfull fowerfields. During the tour we will make a few stops, so you can take pictures of the flowers. The guide will tell you about the flowers, the culture and the&#8230;<\/p>","protected":false},"author":1,"featured_media":20689,"parent":0,"menu_order":0,"comment_status":"closed","ping_status":"closed","template":"","meta":{"inline_featured_image":false,"footnotes":""},"class_list":["post-20780","page","type-page","status-publish","has-post-thumbnail","hentry"],"yoast_head":"<!-- This site is optimized with the Yoast SEO plugin v26.6 - https:\/\/yoast.com\/wordpress\/plugins\/seo\/ -->\n<title>Guided cycling tour Keukenhof - www.tourz.nl<\/title>\n<meta name=\"description\" content=\"Explore the flowerfields near Keukenhof on a typical Dutch way: By bike! Including a visit to the the Tulip Experience Amsterdam.Together with a local guide.After the tour you can visit the gardens of Keukenhof.\" \/>\n<meta name=\"robots\" content=\"index, follow, max-snippet:-1, max-image-preview:large, max-video-preview:-1\" \/>\n<link rel=\"canonical\" href=\"https:\/\/www.tourz.nl\/fr\/guided-cycling-tour-keukenhof\/\" \/>\n<meta property=\"og:locale\" content=\"fr_FR\" \/>\n<meta property=\"og:type\" content=\"article\" \/>\n<meta property=\"og:title\" content=\"Guided cycling tour Keukenhof - www.tourz.nl\" \/>\n<meta property=\"og:description\" content=\"Explore the flowerfields near Keukenhof on a typical Dutch way: By bike! Including a visit to the the Tulip Experience Amsterdam.Together with a local guide.After the tour you can visit the gardens of Keukenhof.\" \/>\n<meta property=\"og:url\" content=\"https:\/\/www.tourz.nl\/fr\/guided-cycling-tour-keukenhof\/\" \/>\n<meta property=\"og:site_name\" content=\"www.tourz.nl\" \/>\n<meta property=\"article:publisher\" content=\"https:\/\/www.facebook.com\/pg\/Tourznl-115340636567020\" \/>\n<meta property=\"article:modified_time\" content=\"2024-01-11T23:02:50+00:00\" \/>\n<meta property=\"og:image\" content=\"https:\/\/www.tourz.nl\/wp-content\/uploads\/2022\/12\/7T6A2170-1-1024x683.png\" \/>\n\t<meta property=\"og:image:width\" content=\"1024\" \/>\n\t<meta property=\"og:image:height\" content=\"683\" \/>\n\t<meta property=\"og:image:type\" content=\"image\/png\" \/>\n<meta name=\"twitter:card\" content=\"summary_large_image\" \/>\n<meta name=\"twitter:site\" content=\"@tourznl\" \/>\n<meta name=\"twitter:label1\" content=\"Dur\u00e9e de lecture estim\u00e9e\" \/>\n\t<meta name=\"twitter:data1\" content=\"3 minutes\" \/>\n<script type=\"application\/ld+json\" class=\"yoast-schema-graph\">{\"@context\":\"https:\/\/schema.org\",\"@graph\":[{\"@type\":\"WebPage\",\"@id\":\"https:\/\/www.tourz.nl\/guided-cycling-tour-keukenhof\/\",\"url\":\"https:\/\/www.tourz.nl\/guided-cycling-tour-keukenhof\/\",\"name\":\"Guided cycling tour Keukenhof - www.tourz.nl\",\"isPartOf\":{\"@id\":\"https:\/\/www.tourz.nl\/#website\"},\"primaryImageOfPage\":{\"@id\":\"https:\/\/www.tourz.nl\/guided-cycling-tour-keukenhof\/#primaryimage\"},\"image\":{\"@id\":\"https:\/\/www.tourz.nl\/guided-cycling-tour-keukenhof\/#primaryimage\"},\"thumbnailUrl\":\"https:\/\/www.tourz.nl\/wp-content\/uploads\/2022\/12\/7T6A2170-1.png\",\"datePublished\":\"2024-01-11T23:01:33+00:00\",\"dateModified\":\"2024-01-11T23:02:50+00:00\",\"description\":\"Explore the flowerfields near Keukenhof on a typical Dutch way: By bike! Including a visit to the the Tulip Experience Amsterdam.Together with a local guide.After the tour you can visit the gardens of Keukenhof.\",\"breadcrumb\":{\"@id\":\"https:\/\/www.tourz.nl\/guided-cycling-tour-keukenhof\/#breadcrumb\"},\"inLanguage\":\"fr-FR\",\"potentialAction\":[{\"@type\":\"ReadAction\",\"target\":[\"https:\/\/www.tourz.nl\/guided-cycling-tour-keukenhof\/\"]}]},{\"@type\":\"ImageObject\",\"inLanguage\":\"fr-FR\",\"@id\":\"https:\/\/www.tourz.nl\/guided-cycling-tour-keukenhof\/#primaryimage\",\"url\":\"https:\/\/www.tourz.nl\/wp-content\/uploads\/2022\/12\/7T6A2170-1.png\",\"contentUrl\":\"https:\/\/www.tourz.nl\/wp-content\/uploads\/2022\/12\/7T6A2170-1.png\",\"width\":1824,\"height\":1216},{\"@type\":\"BreadcrumbList\",\"@id\":\"https:\/\/www.tourz.nl\/guided-cycling-tour-keukenhof\/#breadcrumb\",\"itemListElement\":[{\"@type\":\"ListItem\",\"position\":1,\"name\":\"Home\",\"item\":\"https:\/\/www.tourz.nl\/\"},{\"@type\":\"ListItem\",\"position\":2,\"name\":\"Guided cycling tour Keukenhof\"}]},{\"@type\":\"WebSite\",\"@id\":\"https:\/\/www.tourz.nl\/#website\",\"url\":\"https:\/\/www.tourz.nl\/\",\"name\":\"www.tourz.nl\",\"description\":\"\",\"publisher\":{\"@id\":\"https:\/\/www.tourz.nl\/#organization\"},\"potentialAction\":[{\"@type\":\"SearchAction\",\"target\":{\"@type\":\"EntryPoint\",\"urlTemplate\":\"https:\/\/www.tourz.nl\/?s={search_term_string}\"},\"query-input\":{\"@type\":\"PropertyValueSpecification\",\"valueRequired\":true,\"valueName\":\"search_term_string\"}}],\"inLanguage\":\"fr-FR\"},{\"@type\":\"Organization\",\"@id\":\"https:\/\/www.tourz.nl\/#organization\",\"name\":\"Tourz.nl\",\"url\":\"https:\/\/www.tourz.nl\/\",\"logo\":{\"@type\":\"ImageObject\",\"inLanguage\":\"fr-FR\",\"@id\":\"https:\/\/www.tourz.nl\/#\/schema\/logo\/image\/\",\"url\":\"https:\/\/www.tourz.nl\/wp-content\/uploads\/2019\/11\/icontulp.png\",\"contentUrl\":\"https:\/\/www.tourz.nl\/wp-content\/uploads\/2019\/11\/icontulp.png\",\"width\":512,\"height\":512,\"caption\":\"Tourz.nl\"},\"image\":{\"@id\":\"https:\/\/www.tourz.nl\/#\/schema\/logo\/image\/\"},\"sameAs\":[\"https:\/\/www.facebook.com\/pg\/Tourznl-115340636567020\",\"https:\/\/x.com\/tourznl\"]}]}<\/script>\n<!-- \/ Yoast SEO plugin. -->","yoast_head_json":{"title":"Guided cycling tour Keukenhof - www.tourz.nl","description":"Explore the flowerfields near Keukenhof on a typical Dutch way: By bike! Including a visit to the the Tulip Experience Amsterdam.Together with a local guide.After the tour you can visit the gardens of Keukenhof.","robots":{"index":"index","follow":"follow","max-snippet":"max-snippet:-1","max-image-preview":"max-image-preview:large","max-video-preview":"max-video-preview:-1"},"canonical":"https:\/\/www.tourz.nl\/fr\/guided-cycling-tour-keukenhof\/","og_locale":"fr_FR","og_type":"article","og_title":"Guided cycling tour Keukenhof - www.tourz.nl","og_description":"Explore the flowerfields near Keukenhof on a typical Dutch way: By bike! Including a visit to the the Tulip Experience Amsterdam.Together with a local guide.After the tour you can visit the gardens of Keukenhof.","og_url":"https:\/\/www.tourz.nl\/fr\/guided-cycling-tour-keukenhof\/","og_site_name":"www.tourz.nl","article_publisher":"https:\/\/www.facebook.com\/pg\/Tourznl-115340636567020","article_modified_time":"2024-01-11T23:02:50+00:00","og_image":[{"width":1024,"height":683,"url":"https:\/\/www.tourz.nl\/wp-content\/uploads\/2022\/12\/7T6A2170-1-1024x683.png","type":"image\/png"}],"twitter_card":"summary_large_image","twitter_site":"@tourznl","twitter_misc":{"Dur\u00e9e de lecture estim\u00e9e":"3 minutes"},"schema":{"@context":"https:\/\/schema.org","@graph":[{"@type":"WebPage","@id":"https:\/\/www.tourz.nl\/guided-cycling-tour-keukenhof\/","url":"https:\/\/www.tourz.nl\/guided-cycling-tour-keukenhof\/","name":"Guided cycling tour Keukenhof - www.tourz.nl","isPartOf":{"@id":"https:\/\/www.tourz.nl\/#website"},"primaryImageOfPage":{"@id":"https:\/\/www.tourz.nl\/guided-cycling-tour-keukenhof\/#primaryimage"},"image":{"@id":"https:\/\/www.tourz.nl\/guided-cycling-tour-keukenhof\/#primaryimage"},"thumbnailUrl":"https:\/\/www.tourz.nl\/wp-content\/uploads\/2022\/12\/7T6A2170-1.png","datePublished":"2024-01-11T23:01:33+00:00","dateModified":"2024-01-11T23:02:50+00:00","description":"Explore the flowerfields near Keukenhof on a typical Dutch way: By bike! Including a visit to the the Tulip Experience Amsterdam.Together with a local guide.After the tour you can visit the gardens of Keukenhof.","breadcrumb":{"@id":"https:\/\/www.tourz.nl\/guided-cycling-tour-keukenhof\/#breadcrumb"},"inLanguage":"fr-FR","potentialAction":[{"@type":"ReadAction","target":["https:\/\/www.tourz.nl\/guided-cycling-tour-keukenhof\/"]}]},{"@type":"ImageObject","inLanguage":"fr-FR","@id":"https:\/\/www.tourz.nl\/guided-cycling-tour-keukenhof\/#primaryimage","url":"https:\/\/www.tourz.nl\/wp-content\/uploads\/2022\/12\/7T6A2170-1.png","contentUrl":"https:\/\/www.tourz.nl\/wp-content\/uploads\/2022\/12\/7T6A2170-1.png","width":1824,"height":1216},{"@type":"BreadcrumbList","@id":"https:\/\/www.tourz.nl\/guided-cycling-tour-keukenhof\/#breadcrumb","itemListElement":[{"@type":"ListItem","position":1,"name":"Home","item":"https:\/\/www.tourz.nl\/"},{"@type":"ListItem","position":2,"name":"Guided cycling tour Keukenhof"}]},{"@type":"WebSite","@id":"https:\/\/www.tourz.nl\/#website","url":"https:\/\/www.tourz.nl\/","name":"www.tourz.nl","description":"","publisher":{"@id":"https:\/\/www.tourz.nl\/#organization"},"potentialAction":[{"@type":"SearchAction","target":{"@type":"EntryPoint","urlTemplate":"https:\/\/www.tourz.nl\/?s={search_term_string}"},"query-input":{"@type":"PropertyValueSpecification","valueRequired":true,"valueName":"search_term_string"}}],"inLanguage":"fr-FR"},{"@type":"Organization","@id":"https:\/\/www.tourz.nl\/#organization","name":"Tourz.nl","url":"https:\/\/www.tourz.nl\/","logo":{"@type":"ImageObject","inLanguage":"fr-FR","@id":"https:\/\/www.tourz.nl\/#\/schema\/logo\/image\/","url":"https:\/\/www.tourz.nl\/wp-content\/uploads\/2019\/11\/icontulp.png","contentUrl":"https:\/\/www.tourz.nl\/wp-content\/uploads\/2019\/11\/icontulp.png","width":512,"height":512,"caption":"Tourz.nl"},"image":{"@id":"https:\/\/www.tourz.nl\/#\/schema\/logo\/image\/"},"sameAs":["https:\/\/www.facebook.com\/pg\/Tourznl-115340636567020","https:\/\/x.com\/tourznl"]}]}},"jetpack_sharing_enabled":true,"_links":{"self":[{"href":"https:\/\/www.tourz.nl\/fr\/wp-json\/wp\/v2\/pages\/20780","targetHints":{"allow":["GET"]}}],"collection":[{"href":"https:\/\/www.tourz.nl\/fr\/wp-json\/wp\/v2\/pages"}],"about":[{"href":"https:\/\/www.tourz.nl\/fr\/wp-json\/wp\/v2\/types\/page"}],"author":[{"embeddable":true,"href":"https:\/\/www.tourz.nl\/fr\/wp-json\/wp\/v2\/users\/1"}],"replies":[{"embeddable":true,"href":"https:\/\/www.tourz.nl\/fr\/wp-json\/wp\/v2\/comments?post=20780"}],"version-history":[{"count":1,"href":"https:\/\/www.tourz.nl\/fr\/wp-json\/wp\/v2\/pages\/20780\/revisions"}],"predecessor-version":[{"id":20781,"href":"https:\/\/www.tourz.nl\/fr\/wp-json\/wp\/v2\/pages\/20780\/revisions\/20781"}],"wp:featuredmedia":[{"embeddable":true,"href":"https:\/\/www.tourz.nl\/fr\/wp-json\/wp\/v2\/media\/20689"}],"wp:attachment":[{"href":"https:\/\/www.tourz.nl\/fr\/wp-json\/wp\/v2\/media?parent=20780"}],"curies":[{"name":"wp","href":"https:\/\/api.w.org\/{rel}","templated":true}]}}