{"id":20384,"date":"2021-03-10T20:31:43","date_gmt":"2021-03-10T19:31:43","guid":{"rendered":"https:\/\/www.tourz.nl\/?page_id=20384"},"modified":"2021-03-21T19:28:56","modified_gmt":"2021-03-21T18:28:56","slug":"fietsen-huren-bij-keukenhof-voor-jouw-fietstocht","status":"publish","type":"page","link":"https:\/\/www.tourz.nl\/fr\/fietsen-huren-bij-keukenhof-voor-jouw-fietstocht\/","title":{"rendered":"Louez un v\u00e9lo \u00e0 Keukenhof pour votre randonn\u00e9e cycliste."},"content":{"rendered":"<div class=\"vgblk-rw-wrapper limit-wrapper\">\n\n\t\t\t\t\t\t\t<img decoding=\"async\" loading=\"lazy\" src=\"https:\/\/www.tourz.nl\/wp-content\/uploads\/2019\/11\/Tourz-logo-oranje-300x128.png\" alt=\"Tourz logo oranje\" itemprop=\"image\" height=\"128\" width=\"300\" title=\"Logo Tourz orange\" onerror=\"this.style.display='none'\"  sizes=\"auto, (max-width: 768px) 100vw, 100vw\" srcset=\"data:image\/svg+xml;utf8,&lt;svg%20xmlns=&quot;http:\/\/www.w3.org\/2000\/svg&quot;%20viewBox=&quot;0%200%203021%201288&quot;%20height=&quot;1288px&quot;%20width=&quot;3021px&quot;\/&gt;\" data-srcset=\"https:\/\/www.tourz.nl\/wp-content\/uploads\/2019\/11\/Tourz-logo-oranje-300x128.png 300w, https:\/\/www.tourz.nl\/wp-content\/uploads\/2019\/11\/Tourz-logo-oranje-768x327.png 768w, https:\/\/www.tourz.nl\/wp-content\/uploads\/2019\/11\/Tourz-logo-oranje-1024x437.png 1024w, https:\/\/www.tourz.nl\/wp-content\/uploads\/2019\/11\/Tourz-logo-oranje-1260x537.png 1260w, https:\/\/www.tourz.nl\/wp-content\/uploads\/2019\/11\/Tourz-logo-oranje-630x269.png 630w, https:\/\/www.tourz.nl\/wp-content\/uploads\/2019\/11\/Tourz-logo-oranje-420x179.png 420w, https:\/\/www.tourz.nl\/wp-content\/uploads\/2019\/11\/Tourz-logo-oranje-840x358.png 840w, https:\/\/www.tourz.nl\/wp-content\/uploads\/2019\/11\/Tourz-logo-oranje-315x134.png 315w\" \/>\t\t\t\t\t\t\t\n\t<h5><\/h5>\n<p>Bonjour, je suis Ingrid.<\/p>\n\t<h5><\/h5>\n<p>\"Je suis n\u00e9 et j'ai grandi dans la r\u00e9gion des bulbes. J'aimerais vous faire d\u00e9couvrir cette belle r\u00e9gion\"<\/p>\n<p>&nbsp;<\/p>\n\t\t\t\t\t\t\t<img decoding=\"async\" loading=\"lazy\" src=\"https:\/\/www.tourz.nl\/wp-content\/uploads\/2020\/01\/ingrid-profiel-geel-150x150.png\" data-srcset=\"https:\/\/www.tourz.nl\/wp-content\/uploads\/2020\/01\/ingrid-profiel-geel-150x150.png\" srcset=\"data:image\/svg+xml;utf8,&lt;svg%20xmlns=&quot;http:\/\/www.w3.org\/2000\/svg&quot;%20viewBox=&quot;0%200%20200%20222&quot;%20height=&quot;222px&quot;%20width=&quot;200px&quot;\/&gt;\" alt=\"Ingrid Weijers\" itemprop=\"image\" height=\"150\" width=\"150\" title=\"profil ingrid jaune\" onerror=\"this.style.display='none'\"  sizes=\"auto, (max-width: 768px) 100vw, 100vw\"\/>\t\t\t\t\t\t\t\n\t\n\n\n\n\n<h2>\n\tFietsen huren bij Keukenhof voor jouw fietstocht? Ga mee met Tourz.nl\n\t<\/h2>\n\t<p>Nous sommes sp\u00e9cialis\u00e9s dans les circuits \u00e0 v\u00e9lo dans la belle r\u00e9gion de Bulb. Nous roulons en petits groupes, jusqu'\u00e0 12 personnes (plus de personnes sur demande). Car nous privil\u00e9gions toujours l'attention personnelle. Nos tours sont toujours accompagn\u00e9s d'un guide. Vous pouvez effectuer ces randonn\u00e9es \u00e0 v\u00e9lo avec votre propre v\u00e9lo ou avec un v\u00e9lo de location.<\/p>\n<p>Tout d'abord, nous proposons plusieurs circuits \u00e0 v\u00e9lo pendant la saison des bulbes. De mars \u00e0 la mi-mai environ, nous parcourons \u00e0 v\u00e9lo le c\u0153ur de la r\u00e9gion des bulbes. Pendant ce temps, vous recevez des explications sur la culture des bulbes et sur le patrimoine historique et culturel de la r\u00e9gion. Consultez notre site pour conna\u00eetre ces arrangements.<\/p>\n<p>Deuxi\u00e8mement, nous faisons du v\u00e9lo en \u00e9t\u00e9. La gamme de circuits est adapt\u00e9e \u00e0 la saison : plage et dunes, domaines ruraux et eau sont \u00e0 l'honneur.<\/p>\n<p>Ten derde aan het eind van de zomer maar ook begin van de herfst. Dan bloeien er weer bloemen in de streek: Dahlia&#8217;s. Omdat ook dit zeer de moeite waard is dit alles bij elkaar ook de juiste tijd om fietstocht te maken.<\/p>\n<p>Le co\u00fbt d\u00e9pend de la formule choisie, du fait d'avoir ses propres v\u00e9los ou d'utiliser des v\u00e9los de location et de la taille du groupe.<\/p>\nEn r\u00e9sum\u00e9, vous avez encore votre propre id\u00e9e ? Renseignez-vous sur notre service de personnalisation.<br \/>\nJetez un coup d'\u0153il \u00e0 notre site et d\u00e9couvrez ce que nous avons \u00e0 offrir !\n\t\n<p>Ingrid Weijers<\/p>\n<h3>\n\tVOULEZ-VOUS VENIR AVEC MOI ?\n\t<\/h3>\n\t\t\t\t\t\t\t<img decoding=\"async\" loading=\"lazy\" src=\"https:\/\/www.tourz.nl\/wp-content\/uploads\/2020\/04\/meisje-fiets-oranje-150x150.png\" alt=\"Tourz fiets oranje\" itemprop=\"image\" height=\"150\" width=\"150\" title=\"v\u00e9lo tourz orange\" onerror=\"this.style.display='none'\"  sizes=\"auto, (max-width: 768px) 100vw, 100vw\" srcset=\"data:image\/svg+xml;utf8,&lt;svg%20xmlns=&quot;http:\/\/www.w3.org\/2000\/svg&quot;%20viewBox=&quot;0%200%202000%202000&quot;%20height=&quot;2000px&quot;%20width=&quot;2000px&quot;\/&gt;\" data-srcset=\"https:\/\/www.tourz.nl\/wp-content\/uploads\/2020\/04\/meisje-fiets-oranje-150x150.png 150w, https:\/\/www.tourz.nl\/wp-content\/uploads\/2020\/04\/meisje-fiets-oranje-300x300.png 300w, https:\/\/www.tourz.nl\/wp-content\/uploads\/2020\/04\/meisje-fiets-oranje-1024x1024.png 1024w, https:\/\/www.tourz.nl\/wp-content\/uploads\/2020\/04\/meisje-fiets-oranje-768x768.png 768w, https:\/\/www.tourz.nl\/wp-content\/uploads\/2020\/04\/meisje-fiets-oranje-1536x1536.png 1536w, https:\/\/www.tourz.nl\/wp-content\/uploads\/2020\/04\/meisje-fiets-oranje-1260x1260.png 1260w, https:\/\/www.tourz.nl\/wp-content\/uploads\/2020\/04\/meisje-fiets-oranje-630x630.png 630w, https:\/\/www.tourz.nl\/wp-content\/uploads\/2020\/04\/meisje-fiets-oranje-420x420.png 420w, https:\/\/www.tourz.nl\/wp-content\/uploads\/2020\/04\/meisje-fiets-oranje-840x840.png 840w, https:\/\/www.tourz.nl\/wp-content\/uploads\/2020\/04\/meisje-fiets-oranje-315x315.png 315w, https:\/\/www.tourz.nl\/wp-content\/uploads\/2020\/04\/meisje-fiets-oranje-100x100.png 100w, https:\/\/www.tourz.nl\/wp-content\/uploads\/2020\/04\/meisje-fiets-oranje.png 2000w\" \/>\t\t\t\t\t\t\t\n\t\t\t\t\t\t\t<img decoding=\"async\" src=\"https:\/\/www.tourz.nl\/wp-content\/plugins\/beaver-builder-lite-version\/img\/pixel.png\" alt=\"\" itemprop=\"image\" onerror=\"this.style.display='none'\"  \/>\n\t\t\t\t\t\t\t<img decoding=\"async\" src=\"https:\/\/www.tourz.nl\/wp-content\/plugins\/beaver-builder-lite-version\/img\/pixel.png\" alt=\"\" itemprop=\"image\" onerror=\"this.style.display='none'\"  \/>\n\n<\/div><!-- .vgblk-rw-wrapper -->","protected":false},"excerpt":{"rendered":"<p>Hallo ik ben Ingrid. &#8220;Ik ben geboren en getogen in de Bollenstreek. Graag wil ik u deze mooie regio laten zien&#8221; &nbsp; Fietsen huren bij Keukenhof voor jouw fietstocht? Ga mee met Tourz.nl Wij zijn gespecialiseerd in fietstochten in de mooie Bollenstreek. We fietsen met kleine groepen, tot 12 personen (meer personen is in overleg)&#8230;.<\/p>","protected":false},"author":1,"featured_media":19323,"parent":0,"menu_order":0,"comment_status":"closed","ping_status":"closed","template":"","meta":{"inline_featured_image":false,"footnotes":""},"class_list":["post-20384","page","type-page","status-publish","has-post-thumbnail","hentry"],"yoast_head":"<!-- This site is optimized with the Yoast SEO plugin v26.6 - https:\/\/yoast.com\/wordpress\/plugins\/seo\/ -->\n<title>Fietsen huren bij Keukenhof voor jouw fietstocht - www.tourz.nl<\/title>\n<meta name=\"description\" content=\"Huur jouw fiets bij Tourz.nl. Tourz is jouw persoonlijke gids! Wij verzorgen fietstochten bij Keukenhof. Ga je met ons mee?\" \/>\n<meta name=\"robots\" content=\"index, follow, max-snippet:-1, max-image-preview:large, max-video-preview:-1\" \/>\n<link rel=\"canonical\" href=\"https:\/\/www.tourz.nl\/fr\/fietsen-huren-bij-keukenhof-voor-jouw-fietstocht\/\" \/>\n<meta property=\"og:locale\" content=\"fr_FR\" \/>\n<meta property=\"og:type\" content=\"article\" \/>\n<meta property=\"og:title\" content=\"www.tourz.nl\" \/>\n<meta property=\"og:description\" content=\"Huur jouw fiets bij Tourz.nl. Tourz is jouw persoonlijke gids! Wij verzorgen fietstochten bij Keukenhof. Ga je met ons mee?\" \/>\n<meta property=\"og:url\" content=\"https:\/\/www.tourz.nl\/fr\/fietsen-huren-bij-keukenhof-voor-jouw-fietstocht\/\" \/>\n<meta property=\"og:site_name\" content=\"www.tourz.nl\" \/>\n<meta property=\"article:publisher\" content=\"https:\/\/www.facebook.com\/pg\/Tourznl-115340636567020\" \/>\n<meta property=\"article:modified_time\" content=\"2021-03-21T18:28:56+00:00\" \/>\n<meta property=\"og:image\" content=\"https:\/\/www.tourz.nl\/wp-content\/uploads\/2019\/11\/Tourz-logo-oranje.png\" \/>\n\t<meta property=\"og:image:width\" content=\"3021\" \/>\n\t<meta property=\"og:image:height\" content=\"1288\" \/>\n\t<meta property=\"og:image:type\" content=\"image\/png\" \/>\n<meta name=\"twitter:card\" content=\"summary_large_image\" \/>\n<meta name=\"twitter:title\" content=\"www.tourz.nl\" \/>\n<meta name=\"twitter:site\" content=\"@tourznl\" \/>\n<meta name=\"twitter:label1\" content=\"Dur\u00e9e de lecture estim\u00e9e\" \/>\n\t<meta name=\"twitter:data1\" content=\"3 minutes\" \/>\n<script type=\"application\/ld+json\" class=\"yoast-schema-graph\">{\"@context\":\"https:\/\/schema.org\",\"@graph\":[{\"@type\":\"WebPage\",\"@id\":\"https:\/\/www.tourz.nl\/fietsen-huren-bij-keukenhof-voor-jouw-fietstocht\/\",\"url\":\"https:\/\/www.tourz.nl\/fietsen-huren-bij-keukenhof-voor-jouw-fietstocht\/\",\"name\":\"Fietsen huren bij Keukenhof voor jouw fietstocht - www.tourz.nl\",\"isPartOf\":{\"@id\":\"https:\/\/www.tourz.nl\/#website\"},\"primaryImageOfPage\":{\"@id\":\"https:\/\/www.tourz.nl\/fietsen-huren-bij-keukenhof-voor-jouw-fietstocht\/#primaryimage\"},\"image\":{\"@id\":\"https:\/\/www.tourz.nl\/fietsen-huren-bij-keukenhof-voor-jouw-fietstocht\/#primaryimage\"},\"thumbnailUrl\":\"https:\/\/www.tourz.nl\/wp-content\/uploads\/2019\/11\/Tourz-logo-oranje.png\",\"datePublished\":\"2021-03-10T19:31:43+00:00\",\"dateModified\":\"2021-03-21T18:28:56+00:00\",\"description\":\"Huur jouw fiets bij Tourz.nl. Tourz is jouw persoonlijke gids! Wij verzorgen fietstochten bij Keukenhof. Ga je met ons mee?\",\"breadcrumb\":{\"@id\":\"https:\/\/www.tourz.nl\/fietsen-huren-bij-keukenhof-voor-jouw-fietstocht\/#breadcrumb\"},\"inLanguage\":\"fr-FR\",\"potentialAction\":[{\"@type\":\"ReadAction\",\"target\":[\"https:\/\/www.tourz.nl\/fietsen-huren-bij-keukenhof-voor-jouw-fietstocht\/\"]}]},{\"@type\":\"ImageObject\",\"inLanguage\":\"fr-FR\",\"@id\":\"https:\/\/www.tourz.nl\/fietsen-huren-bij-keukenhof-voor-jouw-fietstocht\/#primaryimage\",\"url\":\"https:\/\/www.tourz.nl\/wp-content\/uploads\/2019\/11\/Tourz-logo-oranje.png\",\"contentUrl\":\"https:\/\/www.tourz.nl\/wp-content\/uploads\/2019\/11\/Tourz-logo-oranje.png\",\"width\":3021,\"height\":1288,\"caption\":\"Tourz logo oranje\"},{\"@type\":\"BreadcrumbList\",\"@id\":\"https:\/\/www.tourz.nl\/fietsen-huren-bij-keukenhof-voor-jouw-fietstocht\/#breadcrumb\",\"itemListElement\":[{\"@type\":\"ListItem\",\"position\":1,\"name\":\"Home\",\"item\":\"https:\/\/www.tourz.nl\/\"},{\"@type\":\"ListItem\",\"position\":2,\"name\":\"Fietsen huren bij Keukenhof voor jouw fietstocht\"}]},{\"@type\":\"WebSite\",\"@id\":\"https:\/\/www.tourz.nl\/#website\",\"url\":\"https:\/\/www.tourz.nl\/\",\"name\":\"www.tourz.nl\",\"description\":\"\",\"publisher\":{\"@id\":\"https:\/\/www.tourz.nl\/#organization\"},\"potentialAction\":[{\"@type\":\"SearchAction\",\"target\":{\"@type\":\"EntryPoint\",\"urlTemplate\":\"https:\/\/www.tourz.nl\/?s={search_term_string}\"},\"query-input\":{\"@type\":\"PropertyValueSpecification\",\"valueRequired\":true,\"valueName\":\"search_term_string\"}}],\"inLanguage\":\"fr-FR\"},{\"@type\":\"Organization\",\"@id\":\"https:\/\/www.tourz.nl\/#organization\",\"name\":\"Tourz.nl\",\"url\":\"https:\/\/www.tourz.nl\/\",\"logo\":{\"@type\":\"ImageObject\",\"inLanguage\":\"fr-FR\",\"@id\":\"https:\/\/www.tourz.nl\/#\/schema\/logo\/image\/\",\"url\":\"https:\/\/www.tourz.nl\/wp-content\/uploads\/2019\/11\/icontulp.png\",\"contentUrl\":\"https:\/\/www.tourz.nl\/wp-content\/uploads\/2019\/11\/icontulp.png\",\"width\":512,\"height\":512,\"caption\":\"Tourz.nl\"},\"image\":{\"@id\":\"https:\/\/www.tourz.nl\/#\/schema\/logo\/image\/\"},\"sameAs\":[\"https:\/\/www.facebook.com\/pg\/Tourznl-115340636567020\",\"https:\/\/x.com\/tourznl\"]}]}<\/script>\n<!-- \/ Yoast SEO plugin. -->","yoast_head_json":{"title":"Fietsen huren bij Keukenhof voor jouw fietstocht - www.tourz.nl","description":"Huur jouw fiets bij Tourz.nl. Tourz is jouw persoonlijke gids! Wij verzorgen fietstochten bij Keukenhof. Ga je met ons mee?","robots":{"index":"index","follow":"follow","max-snippet":"max-snippet:-1","max-image-preview":"max-image-preview:large","max-video-preview":"max-video-preview:-1"},"canonical":"https:\/\/www.tourz.nl\/fr\/fietsen-huren-bij-keukenhof-voor-jouw-fietstocht\/","og_locale":"fr_FR","og_type":"article","og_title":"www.tourz.nl","og_description":"Huur jouw fiets bij Tourz.nl. Tourz is jouw persoonlijke gids! Wij verzorgen fietstochten bij Keukenhof. Ga je met ons mee?","og_url":"https:\/\/www.tourz.nl\/fr\/fietsen-huren-bij-keukenhof-voor-jouw-fietstocht\/","og_site_name":"www.tourz.nl","article_publisher":"https:\/\/www.facebook.com\/pg\/Tourznl-115340636567020","article_modified_time":"2021-03-21T18:28:56+00:00","og_image":[{"width":3021,"height":1288,"url":"https:\/\/www.tourz.nl\/wp-content\/uploads\/2019\/11\/Tourz-logo-oranje.png","type":"image\/png"}],"twitter_card":"summary_large_image","twitter_title":"www.tourz.nl","twitter_site":"@tourznl","twitter_misc":{"Dur\u00e9e de lecture estim\u00e9e":"3 minutes"},"schema":{"@context":"https:\/\/schema.org","@graph":[{"@type":"WebPage","@id":"https:\/\/www.tourz.nl\/fietsen-huren-bij-keukenhof-voor-jouw-fietstocht\/","url":"https:\/\/www.tourz.nl\/fietsen-huren-bij-keukenhof-voor-jouw-fietstocht\/","name":"Fietsen huren bij Keukenhof voor jouw fietstocht - www.tourz.nl","isPartOf":{"@id":"https:\/\/www.tourz.nl\/#website"},"primaryImageOfPage":{"@id":"https:\/\/www.tourz.nl\/fietsen-huren-bij-keukenhof-voor-jouw-fietstocht\/#primaryimage"},"image":{"@id":"https:\/\/www.tourz.nl\/fietsen-huren-bij-keukenhof-voor-jouw-fietstocht\/#primaryimage"},"thumbnailUrl":"https:\/\/www.tourz.nl\/wp-content\/uploads\/2019\/11\/Tourz-logo-oranje.png","datePublished":"2021-03-10T19:31:43+00:00","dateModified":"2021-03-21T18:28:56+00:00","description":"Huur jouw fiets bij Tourz.nl. Tourz is jouw persoonlijke gids! Wij verzorgen fietstochten bij Keukenhof. Ga je met ons mee?","breadcrumb":{"@id":"https:\/\/www.tourz.nl\/fietsen-huren-bij-keukenhof-voor-jouw-fietstocht\/#breadcrumb"},"inLanguage":"fr-FR","potentialAction":[{"@type":"ReadAction","target":["https:\/\/www.tourz.nl\/fietsen-huren-bij-keukenhof-voor-jouw-fietstocht\/"]}]},{"@type":"ImageObject","inLanguage":"fr-FR","@id":"https:\/\/www.tourz.nl\/fietsen-huren-bij-keukenhof-voor-jouw-fietstocht\/#primaryimage","url":"https:\/\/www.tourz.nl\/wp-content\/uploads\/2019\/11\/Tourz-logo-oranje.png","contentUrl":"https:\/\/www.tourz.nl\/wp-content\/uploads\/2019\/11\/Tourz-logo-oranje.png","width":3021,"height":1288,"caption":"Tourz logo oranje"},{"@type":"BreadcrumbList","@id":"https:\/\/www.tourz.nl\/fietsen-huren-bij-keukenhof-voor-jouw-fietstocht\/#breadcrumb","itemListElement":[{"@type":"ListItem","position":1,"name":"Home","item":"https:\/\/www.tourz.nl\/"},{"@type":"ListItem","position":2,"name":"Fietsen huren bij Keukenhof voor jouw fietstocht"}]},{"@type":"WebSite","@id":"https:\/\/www.tourz.nl\/#website","url":"https:\/\/www.tourz.nl\/","name":"www.tourz.nl","description":"","publisher":{"@id":"https:\/\/www.tourz.nl\/#organization"},"potentialAction":[{"@type":"SearchAction","target":{"@type":"EntryPoint","urlTemplate":"https:\/\/www.tourz.nl\/?s={search_term_string}"},"query-input":{"@type":"PropertyValueSpecification","valueRequired":true,"valueName":"search_term_string"}}],"inLanguage":"fr-FR"},{"@type":"Organization","@id":"https:\/\/www.tourz.nl\/#organization","name":"Tourz.nl","url":"https:\/\/www.tourz.nl\/","logo":{"@type":"ImageObject","inLanguage":"fr-FR","@id":"https:\/\/www.tourz.nl\/#\/schema\/logo\/image\/","url":"https:\/\/www.tourz.nl\/wp-content\/uploads\/2019\/11\/icontulp.png","contentUrl":"https:\/\/www.tourz.nl\/wp-content\/uploads\/2019\/11\/icontulp.png","width":512,"height":512,"caption":"Tourz.nl"},"image":{"@id":"https:\/\/www.tourz.nl\/#\/schema\/logo\/image\/"},"sameAs":["https:\/\/www.facebook.com\/pg\/Tourznl-115340636567020","https:\/\/x.com\/tourznl"]}]}},"jetpack_sharing_enabled":true,"_links":{"self":[{"href":"https:\/\/www.tourz.nl\/fr\/wp-json\/wp\/v2\/pages\/20384","targetHints":{"allow":["GET"]}}],"collection":[{"href":"https:\/\/www.tourz.nl\/fr\/wp-json\/wp\/v2\/pages"}],"about":[{"href":"https:\/\/www.tourz.nl\/fr\/wp-json\/wp\/v2\/types\/page"}],"author":[{"embeddable":true,"href":"https:\/\/www.tourz.nl\/fr\/wp-json\/wp\/v2\/users\/1"}],"replies":[{"embeddable":true,"href":"https:\/\/www.tourz.nl\/fr\/wp-json\/wp\/v2\/comments?post=20384"}],"version-history":[{"count":7,"href":"https:\/\/www.tourz.nl\/fr\/wp-json\/wp\/v2\/pages\/20384\/revisions"}],"predecessor-version":[{"id":20529,"href":"https:\/\/www.tourz.nl\/fr\/wp-json\/wp\/v2\/pages\/20384\/revisions\/20529"}],"wp:featuredmedia":[{"embeddable":true,"href":"https:\/\/www.tourz.nl\/fr\/wp-json\/wp\/v2\/media\/19323"}],"wp:attachment":[{"href":"https:\/\/www.tourz.nl\/fr\/wp-json\/wp\/v2\/media?parent=20384"}],"curies":[{"name":"wp","href":"https:\/\/api.w.org\/{rel}","templated":true}]}}