{"id":20354,"date":"2021-03-08T22:22:40","date_gmt":"2021-03-08T21:22:40","guid":{"rendered":"https:\/\/www.tourz.nl\/?page_id=20354"},"modified":"2024-01-29T12:18:16","modified_gmt":"2024-01-29T11:18:16","slug":"fietsen-met-een-gids-bij-keukenhof","status":"publish","type":"page","link":"https:\/\/www.tourz.nl\/fr\/fietsen-met-een-gids-bij-keukenhof\/","title":{"rendered":"Cyclisme guid\u00e9 \u00e0 Keukenhof, la visite \u00e0 v\u00e9lo la plus amusante !"},"content":{"rendered":"<div class=\"vgblk-rw-wrapper limit-wrapper\">\n\n\t<a href=\"https:\/\/www.tourz.nl\/fr\/keukenhof-bike-tour\/\" target=\"_self\" role=\"button\" rel=\"noopener\">\n\t\t\t\t\tCliquez ici pour l'anglais\n\t<\/a>\n\t<h2>&#8220;De leukste fietstocht om de bollenvelden te ontdekken&#8221;<\/h2>\n\t<p>Fiets mee en ontdek de bollenvelden rondom Keukenhof! Tijdens deze tour bezoeken we de mooie bollenvelden in de Bollenstreek met een lokale gids. Onderweg leer je over de bollenteelt en bollencultuur en over de historie van dit unieke stukje Nederland. We maken een aantal stops, waar je in de gelegenheid bent om foto&#8217;s te maken van de mooie velden. Om deze tour persoonlijk te houden, is de groep niet groter dan 10 personen.<\/p>\n<h3>\n\tTourzprijs \u20ac47,50\n\t<\/h3>\n\n<h4>\n\tNiveau :\n\t<\/h4>\n\t\t\t\t\t40\t\t\t\t\n\t\t\t<style>\n\t\t\t\t.fl-node- .fl-number-bars-container {\n\t\t\t\t\tbackground-color: var( --vamtam-accent-color-5 );\n\t\t\t\t}\n\t\t\t\t.fl-node- .fl-number-bar {\n\t\t\t\t\tbackground-color: var( --vamtam-accent-color-1 );\n\t\t\t\t}\n\t\t\t<\/style>\n<h4>\n\tDur\u00e9e de l'enqu\u00eate :\n\t<\/h4>\n<h4>\n\tDistance :\n\t<\/h4>\n<h4>\n\tPlus d'informations sur ce Tourz :\n\t<\/h4>\n\tWe verzamelen voor deze tour bij de fietsverhuur bij de hoofdingang van de Keukenhof. Je hoeft hier niet in de rij voor een fiets, deze zijn al opgehaald door de gids. Tijdens de rit wordt er informatie gegeven over de bollenteelt, de historie en het culturele erfgoed wat deze streek zo bijzonder maakt. We bezoeken de Tulip Experience Amsterdam waar je tussen een miljoen verschillende tulpen mooie foto&#8217;s kan maken. Hier is ook een expositie over de tulpenteelt vroeger en nu \u00e9n mag je je eigen bos tulpen plukken. Zo heb je een leuke herinnering aan je bezoek aan de Bollenstreek.<br \/>\nCette excursion se termine au point de location de v\u00e9los. Combinez cette excursion \u00e0 v\u00e9lo avec une visite \u00e0 Keukenhof pour une journ\u00e9e compl\u00e8te dans la r\u00e9gion des bulbes !\n<p>&nbsp;<\/p>\n<h4>\n\tInclus :\n\t<\/h4>\n\t<ul>\n<li>Guide local, bilingue (anglais et n\u00e9erlandais).<\/li>\n<li>V\u00e9lo avec vitesses<\/li>\n<li>Une gaufre \u00e0 la m\u00e9lasse en route<\/li>\n<li>Entr\u00e9e Tulip Experience Amsterdam.<\/li>\n<li>Cueillez vous-m\u00eame votre bouquet de tulipes !<\/li>\n<\/ul>\n\t<a href=\"https:\/\/www.getyourguide.nl\/keukenhof-l530\/van-keukenhof-flower-fields-culturele-fietstocht-met-t362805\/\" target=\"_blank\" role=\"button\" rel=\"noopener\">\n\t\t\t\t\tR\u00e9servez le Keukenhof Tourz !\n\t<\/a>\n<h4>\n\tCe tourz est propos\u00e9 exclusivement par l'interm\u00e9diaire de :\n\t<\/h4>\n\t\t\t\t<a href=\"https:\/\/www.getyourguide.nl\/keukenhof-l530\/van-keukenhof-flower-fields-culturele-fietstocht-met-t362805\/\" target=\"_blank\" rel=\"noopener\" itemprop=\"url\" title=\"logo obtenir votre guide\">\n\t\t\t\t\t\t\t<img loading=\"lazy\" decoding=\"async\" src=\"https:\/\/www.tourz.nl\/wp-content\/uploads\/2020\/02\/logo-get-your-guide-150x150.png\" alt=\"logo get your guide\" itemprop=\"image\" height=\"150\" width=\"150\" data-link-type=\"url\" title=\"logo obtenir votre guide\" onerror=\"this.style.display='none'\"  sizes=\"auto, (max-width: 768px) 100vw, 100vw\" srcset=\"https:\/\/www.tourz.nl\/wp-content\/uploads\/2020\/02\/logo-get-your-guide-150x150.png 150w, https:\/\/www.tourz.nl\/wp-content\/uploads\/2020\/02\/logo-get-your-guide-100x100.png 100w\" \/>\t\t\t\t\t\t<\/a>\n\t\t\t\t\t\t\t<img loading=\"lazy\" decoding=\"async\" src=\"https:\/\/www.tourz.nl\/wp-content\/uploads\/2020\/02\/Keukenhof2023-4.jpg\" alt=\"Keukenhof2023-4\" itemprop=\"image\" height=\"250\" width=\"350\" title=\"Keukenhof2023-4\" onerror=\"this.style.display='none'\"  sizes=\"auto, (max-width: 768px) 100vw, 100vw\" srcset=\"https:\/\/www.tourz.nl\/wp-content\/uploads\/2020\/02\/Keukenhof2023-4.jpg 350w, https:\/\/www.tourz.nl\/wp-content\/uploads\/2020\/02\/Keukenhof2023-4-300x214.jpg 300w, https:\/\/www.tourz.nl\/wp-content\/uploads\/2020\/02\/Keukenhof2023-4-315x225.jpg 315w\" \/>\t\t\t\t\t\t\t\n\n<\/div><!-- .vgblk-rw-wrapper -->","protected":false},"excerpt":{"rendered":"<p>Click here for English &#8220;De leukste fietstocht om de bollenvelden te ontdekken&#8221; Fiets mee en ontdek de bollenvelden rondom Keukenhof! Tijdens deze tour bezoeken we de mooie bollenvelden in de Bollenstreek met een lokale gids. Onderweg leer je over de bollenteelt en bollencultuur en over de historie van dit unieke stukje Nederland. We maken een&#8230;<\/p>","protected":false},"author":1,"featured_media":20701,"parent":0,"menu_order":0,"comment_status":"closed","ping_status":"closed","template":"","meta":{"inline_featured_image":false,"footnotes":""},"class_list":["post-20354","page","type-page","status-publish","has-post-thumbnail","hentry"],"yoast_head":"<!-- This site is optimized with the Yoast SEO plugin v26.6 - https:\/\/yoast.com\/wordpress\/plugins\/seo\/ -->\n<title>Fietsen met een gids bij Keukenhof, de leukste fietstocht! - www.tourz.nl<\/title>\n<meta name=\"description\" content=\"Tourz.nl is jouw persoonlijke gids! Wij verzorgen fietstochten bij de Keukenhof. De leukste manier om de bloemen bij Keukenhof te ontdekken!\" \/>\n<meta name=\"robots\" content=\"index, follow, max-snippet:-1, max-image-preview:large, max-video-preview:-1\" \/>\n<link rel=\"canonical\" href=\"https:\/\/www.tourz.nl\/fr\/fietsen-met-een-gids-bij-keukenhof\/\" \/>\n<meta property=\"og:locale\" content=\"fr_FR\" \/>\n<meta property=\"og:type\" content=\"article\" \/>\n<meta property=\"og:title\" content=\"www.tourz.nl\" \/>\n<meta property=\"og:description\" content=\"Tourz.nl is jouw persoonlijke gids! Wij verzorgen fietstochten bij de Keukenhof. De leukste manier om de bloemen bij Keukenhof te ontdekken!\" \/>\n<meta property=\"og:url\" content=\"https:\/\/www.tourz.nl\/fr\/fietsen-met-een-gids-bij-keukenhof\/\" \/>\n<meta property=\"og:site_name\" content=\"www.tourz.nl\" \/>\n<meta property=\"article:publisher\" content=\"https:\/\/www.facebook.com\/pg\/Tourznl-115340636567020\" \/>\n<meta property=\"article:modified_time\" content=\"2024-01-29T11:18:16+00:00\" \/>\n<meta property=\"og:image\" content=\"https:\/\/www.tourz.nl\/wp-content\/uploads\/2020\/02\/7T6A2293-scaled.jpg\" \/>\n\t<meta property=\"og:image:width\" content=\"2255\" \/>\n\t<meta property=\"og:image:height\" content=\"2560\" \/>\n\t<meta property=\"og:image:type\" content=\"image\/jpeg\" \/>\n<meta name=\"twitter:card\" content=\"summary_large_image\" \/>\n<meta name=\"twitter:title\" content=\"www.tourz.nl\" \/>\n<meta name=\"twitter:site\" content=\"@tourznl\" \/>\n<meta name=\"twitter:label1\" content=\"Dur\u00e9e de lecture estim\u00e9e\" \/>\n\t<meta name=\"twitter:data1\" content=\"3 minutes\" \/>\n<script type=\"application\/ld+json\" class=\"yoast-schema-graph\">{\"@context\":\"https:\/\/schema.org\",\"@graph\":[{\"@type\":\"WebPage\",\"@id\":\"https:\/\/www.tourz.nl\/fietsen-met-een-gids-bij-keukenhof\/\",\"url\":\"https:\/\/www.tourz.nl\/fietsen-met-een-gids-bij-keukenhof\/\",\"name\":\"Fietsen met een gids bij Keukenhof, de leukste fietstocht! - www.tourz.nl\",\"isPartOf\":{\"@id\":\"https:\/\/www.tourz.nl\/#website\"},\"primaryImageOfPage\":{\"@id\":\"https:\/\/www.tourz.nl\/fietsen-met-een-gids-bij-keukenhof\/#primaryimage\"},\"image\":{\"@id\":\"https:\/\/www.tourz.nl\/fietsen-met-een-gids-bij-keukenhof\/#primaryimage\"},\"thumbnailUrl\":\"https:\/\/www.tourz.nl\/wp-content\/uploads\/2020\/02\/7T6A2293-scaled.jpg\",\"datePublished\":\"2021-03-08T21:22:40+00:00\",\"dateModified\":\"2024-01-29T11:18:16+00:00\",\"description\":\"Tourz.nl is jouw persoonlijke gids! Wij verzorgen fietstochten bij de Keukenhof. De leukste manier om de bloemen bij Keukenhof te ontdekken!\",\"breadcrumb\":{\"@id\":\"https:\/\/www.tourz.nl\/fietsen-met-een-gids-bij-keukenhof\/#breadcrumb\"},\"inLanguage\":\"fr-FR\",\"potentialAction\":[{\"@type\":\"ReadAction\",\"target\":[\"https:\/\/www.tourz.nl\/fietsen-met-een-gids-bij-keukenhof\/\"]}]},{\"@type\":\"ImageObject\",\"inLanguage\":\"fr-FR\",\"@id\":\"https:\/\/www.tourz.nl\/fietsen-met-een-gids-bij-keukenhof\/#primaryimage\",\"url\":\"https:\/\/www.tourz.nl\/wp-content\/uploads\/2020\/02\/7T6A2293-scaled.jpg\",\"contentUrl\":\"https:\/\/www.tourz.nl\/wp-content\/uploads\/2020\/02\/7T6A2293-scaled.jpg\",\"width\":2255,\"height\":2560},{\"@type\":\"BreadcrumbList\",\"@id\":\"https:\/\/www.tourz.nl\/fietsen-met-een-gids-bij-keukenhof\/#breadcrumb\",\"itemListElement\":[{\"@type\":\"ListItem\",\"position\":1,\"name\":\"Home\",\"item\":\"https:\/\/www.tourz.nl\/\"},{\"@type\":\"ListItem\",\"position\":2,\"name\":\"Fietsen met een gids bij Keukenhof, de leukste fietstocht!\"}]},{\"@type\":\"WebSite\",\"@id\":\"https:\/\/www.tourz.nl\/#website\",\"url\":\"https:\/\/www.tourz.nl\/\",\"name\":\"www.tourz.nl\",\"description\":\"\",\"publisher\":{\"@id\":\"https:\/\/www.tourz.nl\/#organization\"},\"potentialAction\":[{\"@type\":\"SearchAction\",\"target\":{\"@type\":\"EntryPoint\",\"urlTemplate\":\"https:\/\/www.tourz.nl\/?s={search_term_string}\"},\"query-input\":{\"@type\":\"PropertyValueSpecification\",\"valueRequired\":true,\"valueName\":\"search_term_string\"}}],\"inLanguage\":\"fr-FR\"},{\"@type\":\"Organization\",\"@id\":\"https:\/\/www.tourz.nl\/#organization\",\"name\":\"Tourz.nl\",\"url\":\"https:\/\/www.tourz.nl\/\",\"logo\":{\"@type\":\"ImageObject\",\"inLanguage\":\"fr-FR\",\"@id\":\"https:\/\/www.tourz.nl\/#\/schema\/logo\/image\/\",\"url\":\"https:\/\/www.tourz.nl\/wp-content\/uploads\/2019\/11\/icontulp.png\",\"contentUrl\":\"https:\/\/www.tourz.nl\/wp-content\/uploads\/2019\/11\/icontulp.png\",\"width\":512,\"height\":512,\"caption\":\"Tourz.nl\"},\"image\":{\"@id\":\"https:\/\/www.tourz.nl\/#\/schema\/logo\/image\/\"},\"sameAs\":[\"https:\/\/www.facebook.com\/pg\/Tourznl-115340636567020\",\"https:\/\/x.com\/tourznl\"]}]}<\/script>\n<!-- \/ Yoast SEO plugin. -->","yoast_head_json":{"title":"Fietsen met een gids bij Keukenhof, de leukste fietstocht! - www.tourz.nl","description":"Tourz.nl is jouw persoonlijke gids! Wij verzorgen fietstochten bij de Keukenhof. De leukste manier om de bloemen bij Keukenhof te ontdekken!","robots":{"index":"index","follow":"follow","max-snippet":"max-snippet:-1","max-image-preview":"max-image-preview:large","max-video-preview":"max-video-preview:-1"},"canonical":"https:\/\/www.tourz.nl\/fr\/fietsen-met-een-gids-bij-keukenhof\/","og_locale":"fr_FR","og_type":"article","og_title":"www.tourz.nl","og_description":"Tourz.nl is jouw persoonlijke gids! Wij verzorgen fietstochten bij de Keukenhof. De leukste manier om de bloemen bij Keukenhof te ontdekken!","og_url":"https:\/\/www.tourz.nl\/fr\/fietsen-met-een-gids-bij-keukenhof\/","og_site_name":"www.tourz.nl","article_publisher":"https:\/\/www.facebook.com\/pg\/Tourznl-115340636567020","article_modified_time":"2024-01-29T11:18:16+00:00","og_image":[{"width":2255,"height":2560,"url":"https:\/\/www.tourz.nl\/wp-content\/uploads\/2020\/02\/7T6A2293-scaled.jpg","type":"image\/jpeg"}],"twitter_card":"summary_large_image","twitter_title":"www.tourz.nl","twitter_site":"@tourznl","twitter_misc":{"Dur\u00e9e de lecture estim\u00e9e":"3 minutes"},"schema":{"@context":"https:\/\/schema.org","@graph":[{"@type":"WebPage","@id":"https:\/\/www.tourz.nl\/fietsen-met-een-gids-bij-keukenhof\/","url":"https:\/\/www.tourz.nl\/fietsen-met-een-gids-bij-keukenhof\/","name":"Fietsen met een gids bij Keukenhof, de leukste fietstocht! - www.tourz.nl","isPartOf":{"@id":"https:\/\/www.tourz.nl\/#website"},"primaryImageOfPage":{"@id":"https:\/\/www.tourz.nl\/fietsen-met-een-gids-bij-keukenhof\/#primaryimage"},"image":{"@id":"https:\/\/www.tourz.nl\/fietsen-met-een-gids-bij-keukenhof\/#primaryimage"},"thumbnailUrl":"https:\/\/www.tourz.nl\/wp-content\/uploads\/2020\/02\/7T6A2293-scaled.jpg","datePublished":"2021-03-08T21:22:40+00:00","dateModified":"2024-01-29T11:18:16+00:00","description":"Tourz.nl is jouw persoonlijke gids! Wij verzorgen fietstochten bij de Keukenhof. De leukste manier om de bloemen bij Keukenhof te ontdekken!","breadcrumb":{"@id":"https:\/\/www.tourz.nl\/fietsen-met-een-gids-bij-keukenhof\/#breadcrumb"},"inLanguage":"fr-FR","potentialAction":[{"@type":"ReadAction","target":["https:\/\/www.tourz.nl\/fietsen-met-een-gids-bij-keukenhof\/"]}]},{"@type":"ImageObject","inLanguage":"fr-FR","@id":"https:\/\/www.tourz.nl\/fietsen-met-een-gids-bij-keukenhof\/#primaryimage","url":"https:\/\/www.tourz.nl\/wp-content\/uploads\/2020\/02\/7T6A2293-scaled.jpg","contentUrl":"https:\/\/www.tourz.nl\/wp-content\/uploads\/2020\/02\/7T6A2293-scaled.jpg","width":2255,"height":2560},{"@type":"BreadcrumbList","@id":"https:\/\/www.tourz.nl\/fietsen-met-een-gids-bij-keukenhof\/#breadcrumb","itemListElement":[{"@type":"ListItem","position":1,"name":"Home","item":"https:\/\/www.tourz.nl\/"},{"@type":"ListItem","position":2,"name":"Fietsen met een gids bij Keukenhof, de leukste fietstocht!"}]},{"@type":"WebSite","@id":"https:\/\/www.tourz.nl\/#website","url":"https:\/\/www.tourz.nl\/","name":"www.tourz.nl","description":"","publisher":{"@id":"https:\/\/www.tourz.nl\/#organization"},"potentialAction":[{"@type":"SearchAction","target":{"@type":"EntryPoint","urlTemplate":"https:\/\/www.tourz.nl\/?s={search_term_string}"},"query-input":{"@type":"PropertyValueSpecification","valueRequired":true,"valueName":"search_term_string"}}],"inLanguage":"fr-FR"},{"@type":"Organization","@id":"https:\/\/www.tourz.nl\/#organization","name":"Tourz.nl","url":"https:\/\/www.tourz.nl\/","logo":{"@type":"ImageObject","inLanguage":"fr-FR","@id":"https:\/\/www.tourz.nl\/#\/schema\/logo\/image\/","url":"https:\/\/www.tourz.nl\/wp-content\/uploads\/2019\/11\/icontulp.png","contentUrl":"https:\/\/www.tourz.nl\/wp-content\/uploads\/2019\/11\/icontulp.png","width":512,"height":512,"caption":"Tourz.nl"},"image":{"@id":"https:\/\/www.tourz.nl\/#\/schema\/logo\/image\/"},"sameAs":["https:\/\/www.facebook.com\/pg\/Tourznl-115340636567020","https:\/\/x.com\/tourznl"]}]}},"jetpack_sharing_enabled":true,"_links":{"self":[{"href":"https:\/\/www.tourz.nl\/fr\/wp-json\/wp\/v2\/pages\/20354","targetHints":{"allow":["GET"]}}],"collection":[{"href":"https:\/\/www.tourz.nl\/fr\/wp-json\/wp\/v2\/pages"}],"about":[{"href":"https:\/\/www.tourz.nl\/fr\/wp-json\/wp\/v2\/types\/page"}],"author":[{"embeddable":true,"href":"https:\/\/www.tourz.nl\/fr\/wp-json\/wp\/v2\/users\/1"}],"replies":[{"embeddable":true,"href":"https:\/\/www.tourz.nl\/fr\/wp-json\/wp\/v2\/comments?post=20354"}],"version-history":[{"count":10,"href":"https:\/\/www.tourz.nl\/fr\/wp-json\/wp\/v2\/pages\/20354\/revisions"}],"predecessor-version":[{"id":20854,"href":"https:\/\/www.tourz.nl\/fr\/wp-json\/wp\/v2\/pages\/20354\/revisions\/20854"}],"wp:featuredmedia":[{"embeddable":true,"href":"https:\/\/www.tourz.nl\/fr\/wp-json\/wp\/v2\/media\/20701"}],"wp:attachment":[{"href":"https:\/\/www.tourz.nl\/fr\/wp-json\/wp\/v2\/media?parent=20354"}],"curies":[{"name":"wp","href":"https:\/\/api.w.org\/{rel}","templated":true}]}}