{"id":20354,"date":"2021-03-08T22:22:40","date_gmt":"2021-03-08T21:22:40","guid":{"rendered":"https:\/\/www.tourz.nl\/?page_id=20354"},"modified":"2024-01-29T12:18:16","modified_gmt":"2024-01-29T11:18:16","slug":"fietsen-met-een-gids-bij-keukenhof","status":"publish","type":"page","link":"https:\/\/www.tourz.nl\/es\/fietsen-met-een-gids-bij-keukenhof\/","title":{"rendered":"Fietsen met een gids bij Keukenhof, de leukste fietstocht!"},"content":{"rendered":"<div class=\"vgblk-rw-wrapper limit-wrapper\">\n\n\t<a href=\"https:\/\/www.tourz.nl\/es\/keukenhof-bike-tour\/\" target=\"_self\" role=\"button\" rel=\"noopener\">\n\t\t\t\t\tHaga clic aqu\u00ed para ir al ingl\u00e9s\n\t<\/a>\n\t<h2>\"El paseo en bici m\u00e1s agradable para descubrir los campos de bulbos\"<\/h2>\n\t<p>Descubra en bicicleta los campos de bulbos que rodean Keukenhof. En esta excursi\u00f3n, visitaremos los hermosos campos de bulbos de la Regi\u00f3n de los Bulbos con un gu\u00eda local. Por el camino, aprender\u00e1 sobre el cultivo y la cultura de los bulbos y sobre la historia de esta parte \u00fanica de los Pa\u00edses Bajos. Haremos varias paradas, donde tendr\u00e1 la oportunidad de tomar fotos de los hermosos campos. Para que esta excursi\u00f3n sea personal, el grupo no supera las 10 personas.<\/p>\n<h3>\n\tTourzprijs \u20ac47,50\n\t<\/h3>\n\n<h4>\n\tNivel:\n\t<\/h4>\n\t\t\t\t\t40\t\t\t\t\n\t\t\t<style>\n\t\t\t\t.fl-node- .fl-number-bars-container {\n\t\t\t\t\tbackground-color: var( --vamtam-accent-color-5 );\n\t\t\t\t}\n\t\t\t\t.fl-node- .fl-number-bar {\n\t\t\t\t\tbackground-color: var( --vamtam-accent-color-1 );\n\t\t\t\t}\n\t\t\t<\/style>\n<h4>\n\tDuraci\u00f3n:\n\t<\/h4>\n<h4>\n\tDistancia:\n\t<\/h4>\n<h4>\n\tM\u00e1s informaci\u00f3n sobre este Tourz:\n\t<\/h4>\n\tNos reuniremos en el punto de alquiler de bicicletas situado en la entrada principal de Keukenhof. Aqu\u00ed no es necesario hacer cola para conseguir una bicicleta, ya que \u00e9stas ya han sido recogidas por el gu\u00eda. Durante el paseo, se dar\u00e1 informaci\u00f3n sobre el cultivo de bulbos, la historia y el patrimonio cultural que hace que esta regi\u00f3n sea tan especial. Visitaremos la Tulip Experience Amsterdam, donde podr\u00e1 hacerse hermosas fotos entre un mill\u00f3n de tulipanes diferentes. Tambi\u00e9n hay una exposici\u00f3n sobre el cultivo de tulipanes en el pasado y en el presente, y podr\u00e1 recoger su propio ramo de tulipanes. As\u00ed tendr\u00e1 un bonito recuerdo de su visita a la Regi\u00f3n de los Bulbos.<br \/>\nTerminaremos esta excursi\u00f3n de vuelta en el punto de alquiler de bicicletas. Combine esta excursi\u00f3n en bicicleta con una visita a Keukenhof para disfrutar de un d\u00eda completo en la Regi\u00f3n de los Bulbos.\n<p>&nbsp;<\/p>\n<h4>\n\tIncluido:\n\t<\/h4>\n\t<ul>\n<li>Gu\u00eda local biling\u00fce (habla inglesa y neerlandesa).<\/li>\n<li>Bicicleta con marchas<\/li>\n<li>Un gofre de melaza en el camino<\/li>\n<li>Entrada Tulip Experience Amsterdam.<\/li>\n<li>Recoge tu propio ramo de tulipanes<\/li>\n<\/ul>\n\t<a href=\"https:\/\/www.getyourguide.nl\/keukenhof-l530\/van-keukenhof-flower-fields-culturele-fietstocht-met-t362805\/\" target=\"_blank\" role=\"button\" rel=\"noopener\">\n\t\t\t\t\t\u00a1Reserve el Keukenhof Tourz!\n\t<\/a>\n<h4>\n\tEste tourz se ofrece exclusivamente a trav\u00e9s de:\n\t<\/h4>\n\t\t\t\t<a href=\"https:\/\/www.getyourguide.nl\/keukenhof-l530\/van-keukenhof-flower-fields-culturele-fietstocht-met-t362805\/\" target=\"_blank\" rel=\"noopener\" itemprop=\"url\" title=\"logotipo obtenga su gu\u00eda\">\n\t\t\t\t\t\t\t<img loading=\"lazy\" decoding=\"async\" src=\"https:\/\/www.tourz.nl\/wp-content\/uploads\/2020\/02\/logo-get-your-guide-150x150.png\" alt=\"logo get your guide\" itemprop=\"image\" height=\"150\" width=\"150\" data-link-type=\"url\" title=\"logotipo obtenga su gu\u00eda\" onerror=\"this.style.display='none'\"  sizes=\"auto, (max-width: 768px) 100vw, 100vw\" srcset=\"https:\/\/www.tourz.nl\/wp-content\/uploads\/2020\/02\/logo-get-your-guide-150x150.png 150w, https:\/\/www.tourz.nl\/wp-content\/uploads\/2020\/02\/logo-get-your-guide-100x100.png 100w\" \/>\t\t\t\t\t\t<\/a>\n\t\t\t\t\t\t\t<img loading=\"lazy\" decoding=\"async\" src=\"https:\/\/www.tourz.nl\/wp-content\/uploads\/2020\/02\/Keukenhof2023-4.jpg\" alt=\"Keukenhof2023-4\" itemprop=\"image\" height=\"250\" width=\"350\" title=\"Keukenhof2023-4\" onerror=\"this.style.display='none'\"  sizes=\"auto, (max-width: 768px) 100vw, 100vw\" srcset=\"https:\/\/www.tourz.nl\/wp-content\/uploads\/2020\/02\/Keukenhof2023-4.jpg 350w, https:\/\/www.tourz.nl\/wp-content\/uploads\/2020\/02\/Keukenhof2023-4-300x214.jpg 300w, https:\/\/www.tourz.nl\/wp-content\/uploads\/2020\/02\/Keukenhof2023-4-315x225.jpg 315w\" \/>\t\t\t\t\t\t\t\n\n<\/div><!-- .vgblk-rw-wrapper -->","protected":false},"excerpt":{"rendered":"<p>Haga clic aqu\u00ed para ir al ingl\u00e9s \"The most fun bike tour to discover the bulb fields\" \u00a1Vaya en bicicleta y descubra los campos de bulbos alrededor de Keukenhof! En esta excursi\u00f3n, visitaremos los hermosos campos de bulbos de la Regi\u00f3n de los Bulbos con un gu\u00eda local. Por el camino, aprender\u00e1 sobre el cultivo y la cultura de los bulbos, as\u00ed como la historia de esta parte \u00fanica de los Pa\u00edses Bajos. Haremos una...<\/p>","protected":false},"author":1,"featured_media":20701,"parent":0,"menu_order":0,"comment_status":"closed","ping_status":"closed","template":"","meta":{"inline_featured_image":false,"footnotes":""},"class_list":["post-20354","page","type-page","status-publish","has-post-thumbnail","hentry"],"yoast_head":"<!-- This site is optimized with the Yoast SEO plugin v26.6 - https:\/\/yoast.com\/wordpress\/plugins\/seo\/ -->\n<title>Fietsen met een gids bij Keukenhof, de leukste fietstocht! - www.tourz.nl<\/title>\n<meta name=\"description\" content=\"Tourz.nl is jouw persoonlijke gids! Wij verzorgen fietstochten bij de Keukenhof. De leukste manier om de bloemen bij Keukenhof te ontdekken!\" \/>\n<meta name=\"robots\" content=\"index, follow, max-snippet:-1, max-image-preview:large, max-video-preview:-1\" \/>\n<link rel=\"canonical\" href=\"https:\/\/www.tourz.nl\/es\/fietsen-met-een-gids-bij-keukenhof\/\" \/>\n<meta property=\"og:locale\" content=\"es_ES\" \/>\n<meta property=\"og:type\" content=\"article\" \/>\n<meta property=\"og:title\" content=\"www.tourz.nl\" \/>\n<meta property=\"og:description\" content=\"Tourz.nl is jouw persoonlijke gids! Wij verzorgen fietstochten bij de Keukenhof. De leukste manier om de bloemen bij Keukenhof te ontdekken!\" \/>\n<meta property=\"og:url\" content=\"https:\/\/www.tourz.nl\/es\/fietsen-met-een-gids-bij-keukenhof\/\" \/>\n<meta property=\"og:site_name\" content=\"www.tourz.nl\" \/>\n<meta property=\"article:publisher\" content=\"https:\/\/www.facebook.com\/pg\/Tourznl-115340636567020\" \/>\n<meta property=\"article:modified_time\" content=\"2024-01-29T11:18:16+00:00\" \/>\n<meta property=\"og:image\" content=\"https:\/\/www.tourz.nl\/wp-content\/uploads\/2020\/02\/7T6A2293-scaled.jpg\" \/>\n\t<meta property=\"og:image:width\" content=\"2255\" \/>\n\t<meta property=\"og:image:height\" content=\"2560\" \/>\n\t<meta property=\"og:image:type\" content=\"image\/jpeg\" \/>\n<meta name=\"twitter:card\" content=\"summary_large_image\" \/>\n<meta name=\"twitter:title\" content=\"www.tourz.nl\" \/>\n<meta name=\"twitter:site\" content=\"@tourznl\" \/>\n<meta name=\"twitter:label1\" content=\"Tiempo de lectura\" \/>\n\t<meta name=\"twitter:data1\" content=\"3 minutos\" \/>\n<script type=\"application\/ld+json\" class=\"yoast-schema-graph\">{\"@context\":\"https:\/\/schema.org\",\"@graph\":[{\"@type\":\"WebPage\",\"@id\":\"https:\/\/www.tourz.nl\/fietsen-met-een-gids-bij-keukenhof\/\",\"url\":\"https:\/\/www.tourz.nl\/fietsen-met-een-gids-bij-keukenhof\/\",\"name\":\"Fietsen met een gids bij Keukenhof, de leukste fietstocht! - www.tourz.nl\",\"isPartOf\":{\"@id\":\"https:\/\/www.tourz.nl\/#website\"},\"primaryImageOfPage\":{\"@id\":\"https:\/\/www.tourz.nl\/fietsen-met-een-gids-bij-keukenhof\/#primaryimage\"},\"image\":{\"@id\":\"https:\/\/www.tourz.nl\/fietsen-met-een-gids-bij-keukenhof\/#primaryimage\"},\"thumbnailUrl\":\"https:\/\/www.tourz.nl\/wp-content\/uploads\/2020\/02\/7T6A2293-scaled.jpg\",\"datePublished\":\"2021-03-08T21:22:40+00:00\",\"dateModified\":\"2024-01-29T11:18:16+00:00\",\"description\":\"Tourz.nl is jouw persoonlijke gids! Wij verzorgen fietstochten bij de Keukenhof. De leukste manier om de bloemen bij Keukenhof te ontdekken!\",\"breadcrumb\":{\"@id\":\"https:\/\/www.tourz.nl\/fietsen-met-een-gids-bij-keukenhof\/#breadcrumb\"},\"inLanguage\":\"es\",\"potentialAction\":[{\"@type\":\"ReadAction\",\"target\":[\"https:\/\/www.tourz.nl\/fietsen-met-een-gids-bij-keukenhof\/\"]}]},{\"@type\":\"ImageObject\",\"inLanguage\":\"es\",\"@id\":\"https:\/\/www.tourz.nl\/fietsen-met-een-gids-bij-keukenhof\/#primaryimage\",\"url\":\"https:\/\/www.tourz.nl\/wp-content\/uploads\/2020\/02\/7T6A2293-scaled.jpg\",\"contentUrl\":\"https:\/\/www.tourz.nl\/wp-content\/uploads\/2020\/02\/7T6A2293-scaled.jpg\",\"width\":2255,\"height\":2560},{\"@type\":\"BreadcrumbList\",\"@id\":\"https:\/\/www.tourz.nl\/fietsen-met-een-gids-bij-keukenhof\/#breadcrumb\",\"itemListElement\":[{\"@type\":\"ListItem\",\"position\":1,\"name\":\"Home\",\"item\":\"https:\/\/www.tourz.nl\/\"},{\"@type\":\"ListItem\",\"position\":2,\"name\":\"Fietsen met een gids bij Keukenhof, de leukste fietstocht!\"}]},{\"@type\":\"WebSite\",\"@id\":\"https:\/\/www.tourz.nl\/#website\",\"url\":\"https:\/\/www.tourz.nl\/\",\"name\":\"www.tourz.nl\",\"description\":\"\",\"publisher\":{\"@id\":\"https:\/\/www.tourz.nl\/#organization\"},\"potentialAction\":[{\"@type\":\"SearchAction\",\"target\":{\"@type\":\"EntryPoint\",\"urlTemplate\":\"https:\/\/www.tourz.nl\/?s={search_term_string}\"},\"query-input\":{\"@type\":\"PropertyValueSpecification\",\"valueRequired\":true,\"valueName\":\"search_term_string\"}}],\"inLanguage\":\"es\"},{\"@type\":\"Organization\",\"@id\":\"https:\/\/www.tourz.nl\/#organization\",\"name\":\"Tourz.nl\",\"url\":\"https:\/\/www.tourz.nl\/\",\"logo\":{\"@type\":\"ImageObject\",\"inLanguage\":\"es\",\"@id\":\"https:\/\/www.tourz.nl\/#\/schema\/logo\/image\/\",\"url\":\"https:\/\/www.tourz.nl\/wp-content\/uploads\/2019\/11\/icontulp.png\",\"contentUrl\":\"https:\/\/www.tourz.nl\/wp-content\/uploads\/2019\/11\/icontulp.png\",\"width\":512,\"height\":512,\"caption\":\"Tourz.nl\"},\"image\":{\"@id\":\"https:\/\/www.tourz.nl\/#\/schema\/logo\/image\/\"},\"sameAs\":[\"https:\/\/www.facebook.com\/pg\/Tourznl-115340636567020\",\"https:\/\/x.com\/tourznl\"]}]}<\/script>\n<!-- \/ Yoast SEO plugin. -->","yoast_head_json":{"title":"Fietsen met een gids bij Keukenhof, de leukste fietstocht! - www.tourz.nl","description":"Tourz.nl is jouw persoonlijke gids! Wij verzorgen fietstochten bij de Keukenhof. De leukste manier om de bloemen bij Keukenhof te ontdekken!","robots":{"index":"index","follow":"follow","max-snippet":"max-snippet:-1","max-image-preview":"max-image-preview:large","max-video-preview":"max-video-preview:-1"},"canonical":"https:\/\/www.tourz.nl\/es\/fietsen-met-een-gids-bij-keukenhof\/","og_locale":"es_ES","og_type":"article","og_title":"www.tourz.nl","og_description":"Tourz.nl is jouw persoonlijke gids! Wij verzorgen fietstochten bij de Keukenhof. De leukste manier om de bloemen bij Keukenhof te ontdekken!","og_url":"https:\/\/www.tourz.nl\/es\/fietsen-met-een-gids-bij-keukenhof\/","og_site_name":"www.tourz.nl","article_publisher":"https:\/\/www.facebook.com\/pg\/Tourznl-115340636567020","article_modified_time":"2024-01-29T11:18:16+00:00","og_image":[{"width":2255,"height":2560,"url":"https:\/\/www.tourz.nl\/wp-content\/uploads\/2020\/02\/7T6A2293-scaled.jpg","type":"image\/jpeg"}],"twitter_card":"summary_large_image","twitter_title":"www.tourz.nl","twitter_site":"@tourznl","twitter_misc":{"Tiempo de lectura":"3 minutos"},"schema":{"@context":"https:\/\/schema.org","@graph":[{"@type":"WebPage","@id":"https:\/\/www.tourz.nl\/fietsen-met-een-gids-bij-keukenhof\/","url":"https:\/\/www.tourz.nl\/fietsen-met-een-gids-bij-keukenhof\/","name":"Fietsen met een gids bij Keukenhof, de leukste fietstocht! - www.tourz.nl","isPartOf":{"@id":"https:\/\/www.tourz.nl\/#website"},"primaryImageOfPage":{"@id":"https:\/\/www.tourz.nl\/fietsen-met-een-gids-bij-keukenhof\/#primaryimage"},"image":{"@id":"https:\/\/www.tourz.nl\/fietsen-met-een-gids-bij-keukenhof\/#primaryimage"},"thumbnailUrl":"https:\/\/www.tourz.nl\/wp-content\/uploads\/2020\/02\/7T6A2293-scaled.jpg","datePublished":"2021-03-08T21:22:40+00:00","dateModified":"2024-01-29T11:18:16+00:00","description":"Tourz.nl is jouw persoonlijke gids! Wij verzorgen fietstochten bij de Keukenhof. De leukste manier om de bloemen bij Keukenhof te ontdekken!","breadcrumb":{"@id":"https:\/\/www.tourz.nl\/fietsen-met-een-gids-bij-keukenhof\/#breadcrumb"},"inLanguage":"es","potentialAction":[{"@type":"ReadAction","target":["https:\/\/www.tourz.nl\/fietsen-met-een-gids-bij-keukenhof\/"]}]},{"@type":"ImageObject","inLanguage":"es","@id":"https:\/\/www.tourz.nl\/fietsen-met-een-gids-bij-keukenhof\/#primaryimage","url":"https:\/\/www.tourz.nl\/wp-content\/uploads\/2020\/02\/7T6A2293-scaled.jpg","contentUrl":"https:\/\/www.tourz.nl\/wp-content\/uploads\/2020\/02\/7T6A2293-scaled.jpg","width":2255,"height":2560},{"@type":"BreadcrumbList","@id":"https:\/\/www.tourz.nl\/fietsen-met-een-gids-bij-keukenhof\/#breadcrumb","itemListElement":[{"@type":"ListItem","position":1,"name":"Home","item":"https:\/\/www.tourz.nl\/"},{"@type":"ListItem","position":2,"name":"Fietsen met een gids bij Keukenhof, de leukste fietstocht!"}]},{"@type":"WebSite","@id":"https:\/\/www.tourz.nl\/#website","url":"https:\/\/www.tourz.nl\/","name":"www.tourz.nl","description":"","publisher":{"@id":"https:\/\/www.tourz.nl\/#organization"},"potentialAction":[{"@type":"SearchAction","target":{"@type":"EntryPoint","urlTemplate":"https:\/\/www.tourz.nl\/?s={search_term_string}"},"query-input":{"@type":"PropertyValueSpecification","valueRequired":true,"valueName":"search_term_string"}}],"inLanguage":"es"},{"@type":"Organization","@id":"https:\/\/www.tourz.nl\/#organization","name":"Tourz.es","url":"https:\/\/www.tourz.nl\/","logo":{"@type":"ImageObject","inLanguage":"es","@id":"https:\/\/www.tourz.nl\/#\/schema\/logo\/image\/","url":"https:\/\/www.tourz.nl\/wp-content\/uploads\/2019\/11\/icontulp.png","contentUrl":"https:\/\/www.tourz.nl\/wp-content\/uploads\/2019\/11\/icontulp.png","width":512,"height":512,"caption":"Tourz.nl"},"image":{"@id":"https:\/\/www.tourz.nl\/#\/schema\/logo\/image\/"},"sameAs":["https:\/\/www.facebook.com\/pg\/Tourznl-115340636567020","https:\/\/x.com\/tourznl"]}]}},"jetpack_sharing_enabled":true,"_links":{"self":[{"href":"https:\/\/www.tourz.nl\/es\/wp-json\/wp\/v2\/pages\/20354","targetHints":{"allow":["GET"]}}],"collection":[{"href":"https:\/\/www.tourz.nl\/es\/wp-json\/wp\/v2\/pages"}],"about":[{"href":"https:\/\/www.tourz.nl\/es\/wp-json\/wp\/v2\/types\/page"}],"author":[{"embeddable":true,"href":"https:\/\/www.tourz.nl\/es\/wp-json\/wp\/v2\/users\/1"}],"replies":[{"embeddable":true,"href":"https:\/\/www.tourz.nl\/es\/wp-json\/wp\/v2\/comments?post=20354"}],"version-history":[{"count":10,"href":"https:\/\/www.tourz.nl\/es\/wp-json\/wp\/v2\/pages\/20354\/revisions"}],"predecessor-version":[{"id":20854,"href":"https:\/\/www.tourz.nl\/es\/wp-json\/wp\/v2\/pages\/20354\/revisions\/20854"}],"wp:featuredmedia":[{"embeddable":true,"href":"https:\/\/www.tourz.nl\/es\/wp-json\/wp\/v2\/media\/20701"}],"wp:attachment":[{"href":"https:\/\/www.tourz.nl\/es\/wp-json\/wp\/v2\/media?parent=20354"}],"curies":[{"name":"wp","href":"https:\/\/api.w.org\/{rel}","templated":true}]}}