{"id":20384,"date":"2021-03-10T20:31:43","date_gmt":"2021-03-10T19:31:43","guid":{"rendered":"https:\/\/www.tourz.nl\/?page_id=20384"},"modified":"2021-03-21T19:28:56","modified_gmt":"2021-03-21T18:28:56","slug":"fietsen-huren-bij-keukenhof-voor-jouw-fietstocht","status":"publish","type":"page","link":"https:\/\/www.tourz.nl\/de\/fietsen-huren-bij-keukenhof-voor-jouw-fietstocht\/","title":{"rendered":"Fietsen huren bij Keukenhof voor jouw fietstocht"},"content":{"rendered":"<div class=\"vgblk-rw-wrapper limit-wrapper\">\n\n\t\t\t\t\t\t\t<img decoding=\"async\" loading=\"lazy\" src=\"https:\/\/www.tourz.nl\/wp-content\/uploads\/2019\/11\/Tourz-logo-oranje-300x128.png\" alt=\"Tourz logo oranje\" itemprop=\"image\" height=\"128\" width=\"300\" title=\"Tourz Logo orange\" onerror=\"this.style.display='none'\"  sizes=\"auto, (max-width: 768px) 100vw, 100vw\" srcset=\"data:image\/svg+xml;utf8,&lt;svg%20xmlns=&quot;http:\/\/www.w3.org\/2000\/svg&quot;%20viewBox=&quot;0%200%203021%201288&quot;%20height=&quot;1288px&quot;%20width=&quot;3021px&quot;\/&gt;\" data-srcset=\"https:\/\/www.tourz.nl\/wp-content\/uploads\/2019\/11\/Tourz-logo-oranje-300x128.png 300w, https:\/\/www.tourz.nl\/wp-content\/uploads\/2019\/11\/Tourz-logo-oranje-768x327.png 768w, https:\/\/www.tourz.nl\/wp-content\/uploads\/2019\/11\/Tourz-logo-oranje-1024x437.png 1024w, https:\/\/www.tourz.nl\/wp-content\/uploads\/2019\/11\/Tourz-logo-oranje-1260x537.png 1260w, https:\/\/www.tourz.nl\/wp-content\/uploads\/2019\/11\/Tourz-logo-oranje-630x269.png 630w, https:\/\/www.tourz.nl\/wp-content\/uploads\/2019\/11\/Tourz-logo-oranje-420x179.png 420w, https:\/\/www.tourz.nl\/wp-content\/uploads\/2019\/11\/Tourz-logo-oranje-840x358.png 840w, https:\/\/www.tourz.nl\/wp-content\/uploads\/2019\/11\/Tourz-logo-oranje-315x134.png 315w\" \/>\t\t\t\t\t\t\t\n\t<h5><\/h5>\n<p>Hallo, ich bin Ingrid.<\/p>\n\t<h5><\/h5>\n<p>\"Ich bin in der Zwiebelregion geboren und aufgewachsen. Ich m\u00f6chte Ihnen diese sch\u00f6ne Region zeigen.<\/p>\n<p>&nbsp;<\/p>\n\t\t\t\t\t\t\t<img decoding=\"async\" loading=\"lazy\" src=\"https:\/\/www.tourz.nl\/wp-content\/uploads\/2020\/01\/ingrid-profiel-geel-150x150.png\" data-srcset=\"https:\/\/www.tourz.nl\/wp-content\/uploads\/2020\/01\/ingrid-profiel-geel-150x150.png\" srcset=\"data:image\/svg+xml;utf8,&lt;svg%20xmlns=&quot;http:\/\/www.w3.org\/2000\/svg&quot;%20viewBox=&quot;0%200%20200%20222&quot;%20height=&quot;222px&quot;%20width=&quot;200px&quot;\/&gt;\" alt=\"Ingrid Weijers\" itemprop=\"image\" height=\"150\" width=\"150\" title=\"ingrid profil gelb\" onerror=\"this.style.display='none'\"  sizes=\"auto, (max-width: 768px) 100vw, 100vw\"\/>\t\t\t\t\t\t\t\n\t\n\n\n\n\n<h2>\n\tMieten Sie Fahrr\u00e4der im Keukenhof f\u00fcr Ihre Radtour? Melden Sie sich bei Tourz.nl\n\t<\/h2>\n\t<p>Wir sind spezialisiert auf Fahrradtouren in der sch\u00f6nen Zwiebelregion. Wir radeln in kleinen Gruppen von bis zu 12 Personen (mehr Personen nach Absprache). Denn wir entscheiden uns immer f\u00fcr eine pers\u00f6nliche Betreuung. Unsere Touren werden immer von einem F\u00fchrer begleitet. Sie k\u00f6nnen diese Radtouren mit Ihrem eigenen Fahrrad oder mit einem Leihfahrrad machen.<\/p>\n<p>Erstens bieten wir w\u00e4hrend der Zwiebelsaison mehrere Fahrradtouren an. Von M\u00e4rz bis etwa Mitte Mai fahren wir eine Tour durch das Herz der Zwiebelregion. W\u00e4hrenddessen erhalten Sie Erkl\u00e4rungen \u00fcber den Blumenzwiebelanbau und das historische und kulturelle Erbe der Region. Informieren Sie sich auf unserer Website \u00fcber diese Arrangements.<\/p>\n<p>Zweitens: Wir radeln im Sommer. Das Angebot an Touren ist der Jahreszeit angepasst: Strand und D\u00fcnen, Landg\u00fcter und Wasser stehen im Mittelpunkt.<\/p>\n<p>Ten derde aan het eind van de zomer maar ook begin van de herfst. Dan bloeien er weer bloemen in de streek: Dahlia&#8217;s. Omdat ook dit zeer de moeite waard is dit alles bij elkaar ook de juiste tijd om fietstocht te maken.<\/p>\n<p>Die Kosten richten sich nach dem jeweiligen Paket, den eigenen Fahrr\u00e4dern oder Leihfahrr\u00e4dern und der Gr\u00f6\u00dfe der Gruppe.<\/p>\nKurzum, Sie haben noch eine eigene Idee? Fragen Sie nach unserem Anpassungsservice.<br \/>\nSchauen Sie sich auf unserer Website um und finden Sie heraus, was wir zu bieten haben!\n\t\n<p>Ingrid Weijers<\/p>\n<h3>\n\tKOMMST DU MIT MIR?\n\t<\/h3>\n\t\t\t\t\t\t\t<img decoding=\"async\" loading=\"lazy\" src=\"https:\/\/www.tourz.nl\/wp-content\/uploads\/2020\/04\/meisje-fiets-oranje-150x150.png\" alt=\"Tourz fiets oranje\" itemprop=\"image\" height=\"150\" width=\"150\" title=\"tourz bike orange\" onerror=\"this.style.display='none'\"  sizes=\"auto, (max-width: 768px) 100vw, 100vw\" srcset=\"data:image\/svg+xml;utf8,&lt;svg%20xmlns=&quot;http:\/\/www.w3.org\/2000\/svg&quot;%20viewBox=&quot;0%200%202000%202000&quot;%20height=&quot;2000px&quot;%20width=&quot;2000px&quot;\/&gt;\" data-srcset=\"https:\/\/www.tourz.nl\/wp-content\/uploads\/2020\/04\/meisje-fiets-oranje-150x150.png 150w, https:\/\/www.tourz.nl\/wp-content\/uploads\/2020\/04\/meisje-fiets-oranje-300x300.png 300w, https:\/\/www.tourz.nl\/wp-content\/uploads\/2020\/04\/meisje-fiets-oranje-1024x1024.png 1024w, https:\/\/www.tourz.nl\/wp-content\/uploads\/2020\/04\/meisje-fiets-oranje-768x768.png 768w, https:\/\/www.tourz.nl\/wp-content\/uploads\/2020\/04\/meisje-fiets-oranje-1536x1536.png 1536w, https:\/\/www.tourz.nl\/wp-content\/uploads\/2020\/04\/meisje-fiets-oranje-1260x1260.png 1260w, https:\/\/www.tourz.nl\/wp-content\/uploads\/2020\/04\/meisje-fiets-oranje-630x630.png 630w, https:\/\/www.tourz.nl\/wp-content\/uploads\/2020\/04\/meisje-fiets-oranje-420x420.png 420w, https:\/\/www.tourz.nl\/wp-content\/uploads\/2020\/04\/meisje-fiets-oranje-840x840.png 840w, https:\/\/www.tourz.nl\/wp-content\/uploads\/2020\/04\/meisje-fiets-oranje-315x315.png 315w, https:\/\/www.tourz.nl\/wp-content\/uploads\/2020\/04\/meisje-fiets-oranje-100x100.png 100w, https:\/\/www.tourz.nl\/wp-content\/uploads\/2020\/04\/meisje-fiets-oranje.png 2000w\" \/>\t\t\t\t\t\t\t\n\t\t\t\t\t\t\t<img decoding=\"async\" src=\"https:\/\/www.tourz.nl\/wp-content\/plugins\/beaver-builder-lite-version\/img\/pixel.png\" alt=\"\" itemprop=\"image\" onerror=\"this.style.display='none'\"  \/>\n\t\t\t\t\t\t\t<img decoding=\"async\" src=\"https:\/\/www.tourz.nl\/wp-content\/plugins\/beaver-builder-lite-version\/img\/pixel.png\" alt=\"\" itemprop=\"image\" onerror=\"this.style.display='none'\"  \/>\n\n<\/div><!-- .vgblk-rw-wrapper -->","protected":false},"excerpt":{"rendered":"<p>Hallo ik ben Ingrid. &#8220;Ik ben geboren en getogen in de Bollenstreek. Graag wil ik u deze mooie regio laten zien&#8221; &nbsp; Fietsen huren bij Keukenhof voor jouw fietstocht? Ga mee met Tourz.nl Wij zijn gespecialiseerd in fietstochten in de mooie Bollenstreek. We fietsen met kleine groepen, tot 12 personen (meer personen is in overleg)&#8230;.<\/p>","protected":false},"author":1,"featured_media":19323,"parent":0,"menu_order":0,"comment_status":"closed","ping_status":"closed","template":"","meta":{"inline_featured_image":false,"footnotes":""},"class_list":["post-20384","page","type-page","status-publish","has-post-thumbnail","hentry"],"yoast_head":"<!-- This site is optimized with the Yoast SEO plugin v26.6 - https:\/\/yoast.com\/wordpress\/plugins\/seo\/ -->\n<title>Fietsen huren bij Keukenhof voor jouw fietstocht - www.tourz.nl<\/title>\n<meta name=\"description\" content=\"Huur jouw fiets bij Tourz.nl. Tourz is jouw persoonlijke gids! Wij verzorgen fietstochten bij Keukenhof. Ga je met ons mee?\" \/>\n<meta name=\"robots\" content=\"index, follow, max-snippet:-1, max-image-preview:large, max-video-preview:-1\" \/>\n<link rel=\"canonical\" href=\"https:\/\/www.tourz.nl\/de\/fietsen-huren-bij-keukenhof-voor-jouw-fietstocht\/\" \/>\n<meta property=\"og:locale\" content=\"de_DE\" \/>\n<meta property=\"og:type\" content=\"article\" \/>\n<meta property=\"og:title\" content=\"www.tourz.nl\" \/>\n<meta property=\"og:description\" content=\"Huur jouw fiets bij Tourz.nl. Tourz is jouw persoonlijke gids! Wij verzorgen fietstochten bij Keukenhof. Ga je met ons mee?\" \/>\n<meta property=\"og:url\" content=\"https:\/\/www.tourz.nl\/de\/fietsen-huren-bij-keukenhof-voor-jouw-fietstocht\/\" \/>\n<meta property=\"og:site_name\" content=\"www.tourz.nl\" \/>\n<meta property=\"article:publisher\" content=\"https:\/\/www.facebook.com\/pg\/Tourznl-115340636567020\" \/>\n<meta property=\"article:modified_time\" content=\"2021-03-21T18:28:56+00:00\" \/>\n<meta property=\"og:image\" content=\"https:\/\/www.tourz.nl\/wp-content\/uploads\/2019\/11\/Tourz-logo-oranje.png\" \/>\n\t<meta property=\"og:image:width\" content=\"3021\" \/>\n\t<meta property=\"og:image:height\" content=\"1288\" \/>\n\t<meta property=\"og:image:type\" content=\"image\/png\" \/>\n<meta name=\"twitter:card\" content=\"summary_large_image\" \/>\n<meta name=\"twitter:title\" content=\"www.tourz.nl\" \/>\n<meta name=\"twitter:site\" content=\"@tourznl\" \/>\n<meta name=\"twitter:label1\" content=\"Gesch\u00e4tzte Lesezeit\" \/>\n\t<meta name=\"twitter:data1\" content=\"3\u00a0Minuten\" \/>\n<script type=\"application\/ld+json\" class=\"yoast-schema-graph\">{\"@context\":\"https:\/\/schema.org\",\"@graph\":[{\"@type\":\"WebPage\",\"@id\":\"https:\/\/www.tourz.nl\/fietsen-huren-bij-keukenhof-voor-jouw-fietstocht\/\",\"url\":\"https:\/\/www.tourz.nl\/fietsen-huren-bij-keukenhof-voor-jouw-fietstocht\/\",\"name\":\"Fietsen huren bij Keukenhof voor jouw fietstocht - www.tourz.nl\",\"isPartOf\":{\"@id\":\"https:\/\/www.tourz.nl\/#website\"},\"primaryImageOfPage\":{\"@id\":\"https:\/\/www.tourz.nl\/fietsen-huren-bij-keukenhof-voor-jouw-fietstocht\/#primaryimage\"},\"image\":{\"@id\":\"https:\/\/www.tourz.nl\/fietsen-huren-bij-keukenhof-voor-jouw-fietstocht\/#primaryimage\"},\"thumbnailUrl\":\"https:\/\/www.tourz.nl\/wp-content\/uploads\/2019\/11\/Tourz-logo-oranje.png\",\"datePublished\":\"2021-03-10T19:31:43+00:00\",\"dateModified\":\"2021-03-21T18:28:56+00:00\",\"description\":\"Huur jouw fiets bij Tourz.nl. Tourz is jouw persoonlijke gids! Wij verzorgen fietstochten bij Keukenhof. Ga je met ons mee?\",\"breadcrumb\":{\"@id\":\"https:\/\/www.tourz.nl\/fietsen-huren-bij-keukenhof-voor-jouw-fietstocht\/#breadcrumb\"},\"inLanguage\":\"de\",\"potentialAction\":[{\"@type\":\"ReadAction\",\"target\":[\"https:\/\/www.tourz.nl\/fietsen-huren-bij-keukenhof-voor-jouw-fietstocht\/\"]}]},{\"@type\":\"ImageObject\",\"inLanguage\":\"de\",\"@id\":\"https:\/\/www.tourz.nl\/fietsen-huren-bij-keukenhof-voor-jouw-fietstocht\/#primaryimage\",\"url\":\"https:\/\/www.tourz.nl\/wp-content\/uploads\/2019\/11\/Tourz-logo-oranje.png\",\"contentUrl\":\"https:\/\/www.tourz.nl\/wp-content\/uploads\/2019\/11\/Tourz-logo-oranje.png\",\"width\":3021,\"height\":1288,\"caption\":\"Tourz logo oranje\"},{\"@type\":\"BreadcrumbList\",\"@id\":\"https:\/\/www.tourz.nl\/fietsen-huren-bij-keukenhof-voor-jouw-fietstocht\/#breadcrumb\",\"itemListElement\":[{\"@type\":\"ListItem\",\"position\":1,\"name\":\"Home\",\"item\":\"https:\/\/www.tourz.nl\/\"},{\"@type\":\"ListItem\",\"position\":2,\"name\":\"Fietsen huren bij Keukenhof voor jouw fietstocht\"}]},{\"@type\":\"WebSite\",\"@id\":\"https:\/\/www.tourz.nl\/#website\",\"url\":\"https:\/\/www.tourz.nl\/\",\"name\":\"www.tourz.nl\",\"description\":\"\",\"publisher\":{\"@id\":\"https:\/\/www.tourz.nl\/#organization\"},\"potentialAction\":[{\"@type\":\"SearchAction\",\"target\":{\"@type\":\"EntryPoint\",\"urlTemplate\":\"https:\/\/www.tourz.nl\/?s={search_term_string}\"},\"query-input\":{\"@type\":\"PropertyValueSpecification\",\"valueRequired\":true,\"valueName\":\"search_term_string\"}}],\"inLanguage\":\"de\"},{\"@type\":\"Organization\",\"@id\":\"https:\/\/www.tourz.nl\/#organization\",\"name\":\"Tourz.nl\",\"url\":\"https:\/\/www.tourz.nl\/\",\"logo\":{\"@type\":\"ImageObject\",\"inLanguage\":\"de\",\"@id\":\"https:\/\/www.tourz.nl\/#\/schema\/logo\/image\/\",\"url\":\"https:\/\/www.tourz.nl\/wp-content\/uploads\/2019\/11\/icontulp.png\",\"contentUrl\":\"https:\/\/www.tourz.nl\/wp-content\/uploads\/2019\/11\/icontulp.png\",\"width\":512,\"height\":512,\"caption\":\"Tourz.nl\"},\"image\":{\"@id\":\"https:\/\/www.tourz.nl\/#\/schema\/logo\/image\/\"},\"sameAs\":[\"https:\/\/www.facebook.com\/pg\/Tourznl-115340636567020\",\"https:\/\/x.com\/tourznl\"]}]}<\/script>\n<!-- \/ Yoast SEO plugin. -->","yoast_head_json":{"title":"Fietsen huren bij Keukenhof voor jouw fietstocht - www.tourz.nl","description":"Huur jouw fiets bij Tourz.nl. Tourz is jouw persoonlijke gids! Wij verzorgen fietstochten bij Keukenhof. Ga je met ons mee?","robots":{"index":"index","follow":"follow","max-snippet":"max-snippet:-1","max-image-preview":"max-image-preview:large","max-video-preview":"max-video-preview:-1"},"canonical":"https:\/\/www.tourz.nl\/de\/fietsen-huren-bij-keukenhof-voor-jouw-fietstocht\/","og_locale":"de_DE","og_type":"article","og_title":"www.tourz.nl","og_description":"Huur jouw fiets bij Tourz.nl. Tourz is jouw persoonlijke gids! Wij verzorgen fietstochten bij Keukenhof. Ga je met ons mee?","og_url":"https:\/\/www.tourz.nl\/de\/fietsen-huren-bij-keukenhof-voor-jouw-fietstocht\/","og_site_name":"www.tourz.nl","article_publisher":"https:\/\/www.facebook.com\/pg\/Tourznl-115340636567020","article_modified_time":"2021-03-21T18:28:56+00:00","og_image":[{"width":3021,"height":1288,"url":"https:\/\/www.tourz.nl\/wp-content\/uploads\/2019\/11\/Tourz-logo-oranje.png","type":"image\/png"}],"twitter_card":"summary_large_image","twitter_title":"www.tourz.nl","twitter_site":"@tourznl","twitter_misc":{"Gesch\u00e4tzte Lesezeit":"3\u00a0Minuten"},"schema":{"@context":"https:\/\/schema.org","@graph":[{"@type":"WebPage","@id":"https:\/\/www.tourz.nl\/fietsen-huren-bij-keukenhof-voor-jouw-fietstocht\/","url":"https:\/\/www.tourz.nl\/fietsen-huren-bij-keukenhof-voor-jouw-fietstocht\/","name":"Fietsen huren bij Keukenhof voor jouw fietstocht - www.tourz.nl","isPartOf":{"@id":"https:\/\/www.tourz.nl\/#website"},"primaryImageOfPage":{"@id":"https:\/\/www.tourz.nl\/fietsen-huren-bij-keukenhof-voor-jouw-fietstocht\/#primaryimage"},"image":{"@id":"https:\/\/www.tourz.nl\/fietsen-huren-bij-keukenhof-voor-jouw-fietstocht\/#primaryimage"},"thumbnailUrl":"https:\/\/www.tourz.nl\/wp-content\/uploads\/2019\/11\/Tourz-logo-oranje.png","datePublished":"2021-03-10T19:31:43+00:00","dateModified":"2021-03-21T18:28:56+00:00","description":"Huur jouw fiets bij Tourz.nl. Tourz is jouw persoonlijke gids! Wij verzorgen fietstochten bij Keukenhof. Ga je met ons mee?","breadcrumb":{"@id":"https:\/\/www.tourz.nl\/fietsen-huren-bij-keukenhof-voor-jouw-fietstocht\/#breadcrumb"},"inLanguage":"de","potentialAction":[{"@type":"ReadAction","target":["https:\/\/www.tourz.nl\/fietsen-huren-bij-keukenhof-voor-jouw-fietstocht\/"]}]},{"@type":"ImageObject","inLanguage":"de","@id":"https:\/\/www.tourz.nl\/fietsen-huren-bij-keukenhof-voor-jouw-fietstocht\/#primaryimage","url":"https:\/\/www.tourz.nl\/wp-content\/uploads\/2019\/11\/Tourz-logo-oranje.png","contentUrl":"https:\/\/www.tourz.nl\/wp-content\/uploads\/2019\/11\/Tourz-logo-oranje.png","width":3021,"height":1288,"caption":"Tourz logo oranje"},{"@type":"BreadcrumbList","@id":"https:\/\/www.tourz.nl\/fietsen-huren-bij-keukenhof-voor-jouw-fietstocht\/#breadcrumb","itemListElement":[{"@type":"ListItem","position":1,"name":"Home","item":"https:\/\/www.tourz.nl\/"},{"@type":"ListItem","position":2,"name":"Fietsen huren bij Keukenhof voor jouw fietstocht"}]},{"@type":"WebSite","@id":"https:\/\/www.tourz.nl\/#website","url":"https:\/\/www.tourz.nl\/","name":"www.tourz.nl","description":"","publisher":{"@id":"https:\/\/www.tourz.nl\/#organization"},"potentialAction":[{"@type":"SearchAction","target":{"@type":"EntryPoint","urlTemplate":"https:\/\/www.tourz.nl\/?s={search_term_string}"},"query-input":{"@type":"PropertyValueSpecification","valueRequired":true,"valueName":"search_term_string"}}],"inLanguage":"de"},{"@type":"Organization","@id":"https:\/\/www.tourz.nl\/#organization","name":"Tourz.co.uk","url":"https:\/\/www.tourz.nl\/","logo":{"@type":"ImageObject","inLanguage":"de","@id":"https:\/\/www.tourz.nl\/#\/schema\/logo\/image\/","url":"https:\/\/www.tourz.nl\/wp-content\/uploads\/2019\/11\/icontulp.png","contentUrl":"https:\/\/www.tourz.nl\/wp-content\/uploads\/2019\/11\/icontulp.png","width":512,"height":512,"caption":"Tourz.nl"},"image":{"@id":"https:\/\/www.tourz.nl\/#\/schema\/logo\/image\/"},"sameAs":["https:\/\/www.facebook.com\/pg\/Tourznl-115340636567020","https:\/\/x.com\/tourznl"]}]}},"jetpack_sharing_enabled":true,"_links":{"self":[{"href":"https:\/\/www.tourz.nl\/de\/wp-json\/wp\/v2\/pages\/20384","targetHints":{"allow":["GET"]}}],"collection":[{"href":"https:\/\/www.tourz.nl\/de\/wp-json\/wp\/v2\/pages"}],"about":[{"href":"https:\/\/www.tourz.nl\/de\/wp-json\/wp\/v2\/types\/page"}],"author":[{"embeddable":true,"href":"https:\/\/www.tourz.nl\/de\/wp-json\/wp\/v2\/users\/1"}],"replies":[{"embeddable":true,"href":"https:\/\/www.tourz.nl\/de\/wp-json\/wp\/v2\/comments?post=20384"}],"version-history":[{"count":7,"href":"https:\/\/www.tourz.nl\/de\/wp-json\/wp\/v2\/pages\/20384\/revisions"}],"predecessor-version":[{"id":20529,"href":"https:\/\/www.tourz.nl\/de\/wp-json\/wp\/v2\/pages\/20384\/revisions\/20529"}],"wp:featuredmedia":[{"embeddable":true,"href":"https:\/\/www.tourz.nl\/de\/wp-json\/wp\/v2\/media\/19323"}],"wp:attachment":[{"href":"https:\/\/www.tourz.nl\/de\/wp-json\/wp\/v2\/media?parent=20384"}],"curies":[{"name":"wp","href":"https:\/\/api.w.org\/{rel}","templated":true}]}}